{"id":598,"date":"2021-08-10T15:22:19","date_gmt":"2021-08-10T15:22:19","guid":{"rendered":"http:\/\/www.srpinteractive.com\/servicios\/ipad-and-android-applications\/"},"modified":"2021-08-10T15:22:19","modified_gmt":"2021-08-10T15:22:19","slug":"ipad-and-android-applications","status":"publish","type":"page","link":"https:\/\/www.srpinteractive.com\/es\/servicios\/ipad-and-android-applications\/","title":{"rendered":"Aplicaciones iPad y Android"},"content":{"rendered":"<div class=\"fusion-fullwidth fullwidth-box fusion-fullwidth-1  fusion-parallax-none nonhundred-percent-fullwidth\" style=\"border-color:#eae9e9;border-bottom-width: 0px;border-top-width: 0px;border-bottom-style: solid;border-top-style: solid;padding-bottom:0px;padding-top:0px;padding-left:;padding-right:;background-color:rgba(255,255,255,0);\"><style type=\"text\/css\" scoped=\"scoped\">.fusion-fullwidth-1 {\r\n                            padding-left: px !important;\r\n                            padding-right: px !important;\r\n                        }<\/style><div class=\"fusion-row\"><div class=\"fusion-one-fourth fusion-layout-column fusion-spacing-yes\" style=\"margin-top:0px;margin-bottom:20px;\"><div class=\"fusion-column-wrapper\"><div class=\"izquierda\">\n<p><a class=\"contacto\" href=\"http:\/\/www.srpinteractive.com\/es\/contactenos\/\">Cont\u00e1ctenos<\/a><\/p>\n<div class=\"quotas\"><\/div>\n<\/div>\n<div class=\"fusion-clearfix\"><\/div><\/div><\/div><div class=\"fusion-three-fourth fusion-layout-column fusion-column-last fusion-spacing-yes\" style=\"margin-top:0px;margin-bottom:20px;\"><div class=\"fusion-column-wrapper\"><div class=\"derecha\">\nServicios > Aplicaciones iPad y Android<\/p>\n<h1>Aplicaciones iPad y Android<\/h1>\n<p><\/br><strong>iPad<\/strong><br \/>\nLas aplicaciones m\u00f3viles brindan acceso a la informaci\u00f3n de sus productos y servicios en cualquier momento y lugar, con los datos \u00fatiles que los usuarios necesitan saber de su negocio.<\/p>\n<p>Reciba el asesoramiento de especialistas en el desarrollo de aplicaciones iPad y Android. Le brindamos las herramientas para evaluar, planear e implementar con \u00e9xito aplicaciones complejas.<\/p>\n<p><strong>Android<\/strong><br \/>\nEl sistema operativo m\u00f3vil de Google le permite alcanzar una importante cantidad de usuarios y ofrecerle los productos y servicios de su empresa u organizaci\u00f3n. Le ofrecemos servicios de consultor\u00eda especializados en esta clase de aplicaciones que cada d\u00eda se utilizan m\u00e1s.<\/p>\n<\/div>\n<div class=\"fusion-clearfix\"><\/div><\/div><\/div><div class=\"fusion-clearfix\"><\/div><\/div><\/div>\n","protected":false},"excerpt":{"rendered":"","protected":false},"author":2,"featured_media":0,"parent":481,"menu_order":0,"comment_status":"closed","ping_status":"closed","template":"","meta":{"footnotes":""},"class_list":["post-598","page","type-page","status-publish","hentry"],"_links":{"self":[{"href":"https:\/\/www.srpinteractive.com\/es\/wp-json\/wp\/v2\/pages\/598","targetHints":{"allow":["GET"]}}],"collection":[{"href":"https:\/\/www.srpinteractive.com\/es\/wp-json\/wp\/v2\/pages"}],"about":[{"href":"https:\/\/www.srpinteractive.com\/es\/wp-json\/wp\/v2\/types\/page"}],"author":[{"embeddable":true,"href":"https:\/\/www.srpinteractive.com\/es\/wp-json\/wp\/v2\/users\/2"}],"replies":[{"embeddable":true,"href":"https:\/\/www.srpinteractive.com\/es\/wp-json\/wp\/v2\/comments?post=598"}],"version-history":[{"count":2,"href":"https:\/\/www.srpinteractive.com\/es\/wp-json\/wp\/v2\/pages\/598\/revisions"}],"predecessor-version":[{"id":600,"href":"https:\/\/www.srpinteractive.com\/es\/wp-json\/wp\/v2\/pages\/598\/revisions\/600"}],"up":[{"embeddable":true,"href":"https:\/\/www.srpinteractive.com\/es\/wp-json\/wp\/v2\/pages\/481"}],"wp:attachment":[{"href":"https:\/\/www.srpinteractive.com\/es\/wp-json\/wp\/v2\/media?parent=598"}],"curies":[{"name":"wp","href":"https:\/\/api.w.org\/{rel}","templated":true}]}}