{"id":562,"date":"2021-08-10T15:22:19","date_gmt":"2021-08-10T15:22:19","guid":{"rendered":"http:\/\/www.srpinteractive.com\/servicios\/seo-and-sem-campaigns\/google-maps\/"},"modified":"2021-08-10T15:22:19","modified_gmt":"2021-08-10T15:22:19","slug":"google-maps","status":"publish","type":"page","link":"https:\/\/www.srpinteractive.com\/es\/servicios\/campanas-seo-y-sem\/google-maps\/","title":{"rendered":"Google Maps"},"content":{"rendered":"<div class=\"fusion-fullwidth fullwidth-box fusion-fullwidth-1  fusion-parallax-none nonhundred-percent-fullwidth fusion-equal-height-columns\" style=\"border-color:#eae9e9;border-bottom-width: 0px;border-top-width: 0px;border-bottom-style: solid;border-top-style: solid;padding-bottom:20px;padding-top:20px;padding-left:;padding-right:;background-color:rgba(255,255,255,0);\"><style type=\"text\/css\" scoped=\"scoped\">.fusion-fullwidth-1 {\r\n                            padding-left: px !important;\r\n                            padding-right: px !important;\r\n                        }<\/style><div class=\"fusion-row\"><div class=\"fusion-one-third fusion-layout-column fusion-spacing-yes\" style=\"margin-top:0px;margin-bottom:20px;\"><div class=\"fusion-column-wrapper\"><div class=\"fusion-column-table\"><div class=\"fusion-column-tablecell\"><ul class=\"bac\">\n<li class=\"nol pp\"><a href=\"http:\/\/www.srpinteractive.com\/es\/servicios\/seo-and-sem-campaigns\/\">Campa\u00f1as SEO y SEM<\/a><\/li>\n<li><a href=\"http:\/\/www.srpinteractive.com\/es\/servicios\/seo-and-sem-campaigns\/local-search\/\">Local Search<\/a><\/li>\n<li class=\"active\">Google Maps<\/li>\n<\/ul>\n<p><a class=\"contacto\" href=\"http:\/\/www.srpinteractive.com\/es\/contactenos\/\">Cont\u00e1ctenos<\/a><\/p>\n<div class=\"fusion-clearfix\"><\/div><\/div><\/div><\/div><\/div><div class=\"fusion-two-third fusion-layout-column fusion-column-last fusion-spacing-yes\" style=\"margin-top:0px;margin-bottom:20px;\"><div class=\"fusion-column-wrapper\"><div class=\"derecha\">\n<div class=\"pan\">Servicios <span class=\"ruta\">&gt;<\/span> <a href=\"http:\/\/www.srpinteractive.com\/es\/servicios\/seo-and-sem-campaigns\/\">Campa\u00f1as SEO y SEM<\/a> &gt; Google Maps<\/div>\n<h1>Google Maps<\/h1>\n<p><strong>SRP Interactive<\/strong> a\u00f1ade la ubicaci\u00f3n de su empresa en Google Maps, una estrategia efectiva para lograr un posicionamiento destacado en el buscador m\u00e1s popular del planeta.<\/p>\n<p>Google ofrece b\u00fasquedas locales que pueden proporcionar un valioso impulso a su negocio, mientras que se complementa con las acciones de posicionamiento y PPC que <strong>SRP Interactive<\/strong> realizar\u00e1 para usted.<\/p>\n<p>Adem\u00e1s, los potenciales clientes pueden revisar comentarios y recomendaciones de usuarios que ya se han interesado por su negocio.<\/p>\n<\/div>\n<div class=\"fusion-clearfix\"><\/div><\/div><\/div><div class=\"fusion-clearfix\"><\/div><\/div><\/div>\n","protected":false},"excerpt":{"rendered":"","protected":false},"author":2,"featured_media":0,"parent":547,"menu_order":0,"comment_status":"closed","ping_status":"closed","template":"","meta":{"footnotes":""},"class_list":["post-562","page","type-page","status-publish","hentry"],"_links":{"self":[{"href":"https:\/\/www.srpinteractive.com\/es\/wp-json\/wp\/v2\/pages\/562","targetHints":{"allow":["GET"]}}],"collection":[{"href":"https:\/\/www.srpinteractive.com\/es\/wp-json\/wp\/v2\/pages"}],"about":[{"href":"https:\/\/www.srpinteractive.com\/es\/wp-json\/wp\/v2\/types\/page"}],"author":[{"embeddable":true,"href":"https:\/\/www.srpinteractive.com\/es\/wp-json\/wp\/v2\/users\/2"}],"replies":[{"embeddable":true,"href":"https:\/\/www.srpinteractive.com\/es\/wp-json\/wp\/v2\/comments?post=562"}],"version-history":[{"count":3,"href":"https:\/\/www.srpinteractive.com\/es\/wp-json\/wp\/v2\/pages\/562\/revisions"}],"predecessor-version":[{"id":565,"href":"https:\/\/www.srpinteractive.com\/es\/wp-json\/wp\/v2\/pages\/562\/revisions\/565"}],"up":[{"embeddable":true,"href":"https:\/\/www.srpinteractive.com\/es\/wp-json\/wp\/v2\/pages\/547"}],"wp:attachment":[{"href":"https:\/\/www.srpinteractive.com\/es\/wp-json\/wp\/v2\/media?parent=562"}],"curies":[{"name":"wp","href":"https:\/\/api.w.org\/{rel}","templated":true}]}}