{"id":524,"date":"2021-08-10T15:22:19","date_gmt":"2021-08-10T15:22:19","guid":{"rendered":"http:\/\/www.srpinteractive.com\/servicios\/website-design-and-development\/landing-page\/"},"modified":"2021-08-10T15:22:19","modified_gmt":"2021-08-10T15:22:19","slug":"landing-page","status":"publish","type":"page","link":"https:\/\/www.srpinteractive.com\/es\/servicios\/website-design-and-development\/landing-page\/","title":{"rendered":"Landing Page"},"content":{"rendered":"<div class=\"fusion-fullwidth fullwidth-box fusion-fullwidth-1  fusion-parallax-none nonhundred-percent-fullwidth fusion-equal-height-columns\" style=\"border-color:#eae9e9;border-bottom-width: 0px;border-top-width: 0px;border-bottom-style: solid;border-top-style: solid;padding-bottom:20px;padding-top:20px;padding-left:;padding-right:;background-color:rgba(255,255,255,0);\"><style type=\"text\/css\" scoped=\"scoped\">.fusion-fullwidth-1 {\r\n                            padding-left: px !important;\r\n                            padding-right: px !important;\r\n                        }<\/style><div class=\"fusion-row\"><div class=\"fusion-one-third fusion-layout-column fusion-spacing-yes\" style=\"margin-top:0px;margin-bottom:20px;\"><div class=\"fusion-column-wrapper\"><div class=\"fusion-column-table\"><div class=\"fusion-column-tablecell\"><ul class=\"bac\">\n<li class=\"nol pp active\"><a href=\"http:\/\/www.srpinteractive.com\/es\/servicios\/website-design-and-development\/\">Dise\u00f1o y Desarrollo de Websites<\/a><\/li>\n<li><a href=\"http:\/\/www.srpinteractive.com\/es\/servicios\/website-design-and-development\/web-design\/\">Dise\u00f1o Web<\/a><\/li>\n<li><a href=\"\/?page_id=27\">Desarrollo Web<\/a><\/li>\n<li class=\"active\">Landing Pages<\/li>\n<li><a href=\"\/?page_id=31\">Content Management System<\/a><\/li>\n<li><a href=\"http:\/\/www.srpinteractive.com\/es\/servicios\/website-design-and-development\/domain-administration\/\">Administraci\u00f3n de dominio<\/a><\/li>\n<li><a href=\"http:\/\/www.srpinteractive.com\/es\/servicios\/website-design-and-development\/content-development\/\">Generaci\u00f3n de contenidos<\/a><\/li>\n<\/ul>\n<p><a class=\"contacto\" href=\"http:\/\/www.srpinteractive.com\/es\/contactenos\/\">Cont\u00e1ctenos<\/a><\/p>\n<div class=\"fusion-clearfix\"><\/div><\/div><\/div><\/div><\/div><div class=\"fusion-two-third fusion-layout-column fusion-column-last fusion-spacing-yes\" style=\"margin-top:0px;margin-bottom:20px;\"><div class=\"fusion-column-wrapper\"><div class=\"derecha\">\n<div class=\"pan\">Servicios <span class=\"ruta\">&gt;<\/span> <a href=\"http:\/\/www.srpinteractive.com\/es\/servicios\/website-design-and-development\/\">Dise\u00f1o y Desarrollo de Websites<\/a> &gt; Landing Pages<\/div>\n<h1>Landing Pages<\/h1>\n<p>Llegue a su p\u00fablico objetivo con los mensajes que realmente importan. Nada mejor que un landing page como resumen del accionar de su empresa para Facebook, su web o su campa\u00f1a de Pay Per Click.<\/p>\n<p>Obtenga r\u00e1pidamente el correo electr\u00f3nico de su cliente, sepa qu\u00e9 piensa de usted con una encuesta o br\u00edndele informaci\u00f3n sobre una promoci\u00f3n, una venta, o muchas otras posibilidades.<\/p>\n<\/div>\n<div class=\"fusion-clearfix\"><\/div><\/div><\/div><div class=\"fusion-clearfix\"><\/div><\/div><\/div>\n","protected":false},"excerpt":{"rendered":"","protected":false},"author":2,"featured_media":0,"parent":452,"menu_order":0,"comment_status":"closed","ping_status":"closed","template":"","meta":{"footnotes":""},"class_list":["post-524","page","type-page","status-publish","hentry"],"_links":{"self":[{"href":"https:\/\/www.srpinteractive.com\/es\/wp-json\/wp\/v2\/pages\/524","targetHints":{"allow":["GET"]}}],"collection":[{"href":"https:\/\/www.srpinteractive.com\/es\/wp-json\/wp\/v2\/pages"}],"about":[{"href":"https:\/\/www.srpinteractive.com\/es\/wp-json\/wp\/v2\/types\/page"}],"author":[{"embeddable":true,"href":"https:\/\/www.srpinteractive.com\/es\/wp-json\/wp\/v2\/users\/2"}],"replies":[{"embeddable":true,"href":"https:\/\/www.srpinteractive.com\/es\/wp-json\/wp\/v2\/comments?post=524"}],"version-history":[{"count":3,"href":"https:\/\/www.srpinteractive.com\/es\/wp-json\/wp\/v2\/pages\/524\/revisions"}],"predecessor-version":[{"id":527,"href":"https:\/\/www.srpinteractive.com\/es\/wp-json\/wp\/v2\/pages\/524\/revisions\/527"}],"up":[{"embeddable":true,"href":"https:\/\/www.srpinteractive.com\/es\/wp-json\/wp\/v2\/pages\/452"}],"wp:attachment":[{"href":"https:\/\/www.srpinteractive.com\/es\/wp-json\/wp\/v2\/media?parent=524"}],"curies":[{"name":"wp","href":"https:\/\/api.w.org\/{rel}","templated":true}]}}