{"id":447,"date":"2021-08-10T15:22:19","date_gmt":"2021-08-10T15:22:19","guid":{"rendered":"http:\/\/www.srpinteractive.com\/digital-strategy\/digital-campaign-planning\/"},"modified":"2021-08-10T15:22:19","modified_gmt":"2021-08-10T15:22:19","slug":"digital-campaign-planning","status":"publish","type":"page","link":"https:\/\/www.srpinteractive.com\/es\/servicios\/estrategia-digital\/digital-campaign-planning\/","title":{"rendered":"Digital Campaign Planning"},"content":{"rendered":"<div class=\"fusion-fullwidth fullwidth-box fusion-fullwidth-1  fusion-parallax-none nonhundred-percent-fullwidth fusion-equal-height-columns\" style=\"border-color:#eae9e9;border-bottom-width: 0px;border-top-width: 0px;border-bottom-style: solid;border-top-style: solid;padding-bottom:20px;padding-top:20px;padding-left:;padding-right:;background-color:rgba(255,255,255,0);\"><style type=\"text\/css\" scoped=\"scoped\">.fusion-fullwidth-1 {\r\n                            padding-left: px !important;\r\n                            padding-right: px !important;\r\n                        }<\/style><div class=\"fusion-row\"><div class=\"fusion-one-third fusion-layout-column fusion-spacing-yes\" style=\"margin-top:0px;margin-bottom:20px;\"><div class=\"fusion-column-wrapper\"><div class=\"fusion-column-table\"><div class=\"fusion-column-tablecell\"><ul class=\"bac\">\n<li class=\"nol pp\"><a href=\"http:\/\/www.srpinteractive.com\/es\/digital-strategy\/\">Estrategia Digital<\/a><\/li>\n<li><a href=\"http:\/\/www.srpinteractive.com\/es\/digital-strategy\/brand-management-online\/\">Brand Management Online<\/a><\/li>\n<li class=\"active\">Digital Campaign Planning<\/li>\n<\/ul>\n<p><a class=\"contacto\" href=\"\/?page_id=12\">Cont\u00e1ctenos<\/a><\/p>\n<div class=\"fusion-clearfix\"><\/div><\/div><\/div><\/div><\/div><div class=\"fusion-two-third fusion-layout-column fusion-column-last fusion-spacing-yes\" style=\"margin-top:0px;margin-bottom:20px;\"><div class=\"fusion-column-wrapper\"><div class=\"fusion-column-table\"><div class=\"fusion-column-tablecell\"><div class=\"derecha\">\n<div class=\"pan\">Servicios <span class=\"ruta\">&gt;<\/span> <a href=\"http:\/\/www.srpinteractive.com\/es\/digital-strategy\/\">Estrategia Digital<\/a> &gt; Digital Campaign Planning<\/div>\n<h1>Digital Campaign Planning<\/h1>\n<p>Con estrategias personalizadas desarrollamos y planeamos campa\u00f1as digitales espec\u00edficas para su empresa, brindando estad\u00edsticas detalladas generadas a trav\u00e9s de las campa\u00f1as realizadas para que nuestros clientes puedan comprobar los clicks, las visitas y las impresiones de cada una y se mantengan informados para asegurar su inversi\u00f3n.<\/p>\n<p>Este seguimiento es esencial para adaptarse r\u00e1pidamente a los cambios y mejorar el posicionamiento de su marca en internet.<\/p>\n<p><strong>SRP Interactive<\/strong> retribuye con \u00e9xito la confianza depositada en nosotros.<\/p>\n<\/div>\n<div class=\"fusion-clearfix\"><\/div><\/div><\/div><\/div><\/div><div class=\"fusion-clearfix\"><\/div><\/div><\/div>\n","protected":false},"excerpt":{"rendered":"","protected":false},"author":2,"featured_media":0,"parent":434,"menu_order":0,"comment_status":"closed","ping_status":"closed","template":"","meta":{"footnotes":""},"class_list":["post-447","page","type-page","status-publish","hentry"],"_links":{"self":[{"href":"https:\/\/www.srpinteractive.com\/es\/wp-json\/wp\/v2\/pages\/447","targetHints":{"allow":["GET"]}}],"collection":[{"href":"https:\/\/www.srpinteractive.com\/es\/wp-json\/wp\/v2\/pages"}],"about":[{"href":"https:\/\/www.srpinteractive.com\/es\/wp-json\/wp\/v2\/types\/page"}],"author":[{"embeddable":true,"href":"https:\/\/www.srpinteractive.com\/es\/wp-json\/wp\/v2\/users\/2"}],"replies":[{"embeddable":true,"href":"https:\/\/www.srpinteractive.com\/es\/wp-json\/wp\/v2\/comments?post=447"}],"version-history":[{"count":1,"href":"https:\/\/www.srpinteractive.com\/es\/wp-json\/wp\/v2\/pages\/447\/revisions"}],"predecessor-version":[{"id":448,"href":"https:\/\/www.srpinteractive.com\/es\/wp-json\/wp\/v2\/pages\/447\/revisions\/448"}],"up":[{"embeddable":true,"href":"https:\/\/www.srpinteractive.com\/es\/wp-json\/wp\/v2\/pages\/434"}],"wp:attachment":[{"href":"https:\/\/www.srpinteractive.com\/es\/wp-json\/wp\/v2\/media?parent=447"}],"curies":[{"name":"wp","href":"https:\/\/api.w.org\/{rel}","templated":true}]}}