{"id":605,"date":"2021-08-10T15:22:19","date_gmt":"2021-08-10T15:22:19","guid":{"rendered":"http:\/\/www.srpinteractive.com\/site-map\/"},"modified":"2021-08-10T15:22:19","modified_gmt":"2021-08-10T15:22:19","slug":"site-map","status":"publish","type":"page","link":"http:\/\/www.srpinteractive.com\/pt-br\/site-map\/","title":{"rendered":"MAPA DO SITE"},"content":{"rendered":"<div class=\"fusion-fullwidth fullwidth-box fusion-fullwidth-1  fusion-parallax-none nonhundred-percent-fullwidth\" style=\"border-color:#eae9e9;border-bottom-width: 0px;border-top-width: 0px;border-bottom-style: solid;border-top-style: solid;padding-bottom:0px;padding-top:0px;padding-left:;padding-right:;background-color:rgba(255,255,255,0);\"><style type=\"text\/css\" scoped=\"scoped\">.fusion-fullwidth-1 {\r\n                            padding-left: px !important;\r\n                            padding-right: px !important;\r\n                        }<\/style><div class=\"fusion-row\"><div class=\"fusion-one-fourth fusion-layout-column fusion-spacing-yes\" style=\"margin-top:0px;margin-bottom:20px;\"><div class=\"fusion-column-wrapper\"><div class=\"izquierda\">\n<p><a class=\"contacto\" href=\"http:\/\/www.srpinteractive.com\/pt-br\/contate-nos\/\">Contate-nos<\/a><\/p>\n<div class=\"quotas\"><\/div>\n<\/div>\n<div class=\"fusion-clearfix\"><\/div><\/div><\/div><div class=\"fusion-three-fourth fusion-layout-column fusion-column-last fusion-spacing-yes\" style=\"margin-top:0px;margin-bottom:20px;\"><div class=\"fusion-column-wrapper\"><h1 class=\"si\">Site Map<\/h1>\n<div id=\"simple-sitemap-container-69f734a60e65b\" class=\"simple-sitemap-container simple-sitemap-container-69f734a60e65b tab-disabled\"><div class=\"simple-sitemap-wrap\"><h3 class=\"post-type\">P\u00e1ginas<\/h3><ul class=\"simple-sitemap-page main\"><li class=\"sitemap-item page_item page-item-489\"><a href=\"http:\/\/www.srpinteractive.com\/pt-br\/contate-nos\/\">CONTATE-NOS<\/a><\/li>\n<li class=\"sitemap-item page_item page-item-486\"><a href=\"http:\/\/www.srpinteractive.com\/pt-br\/\">HOME<\/a><\/li>\n<li class=\"sitemap-item page_item page-item-605\"><a href=\"http:\/\/www.srpinteractive.com\/pt-br\/site-map\/\">MAPA DO SITE<\/a><\/li>\n<li class=\"sitemap-item page_item page-item-431\"><a href=\"http:\/\/www.srpinteractive.com\/pt-br\/quem-somos\/\">QUEM SOMOS<\/a><\/li>\n<li class=\"sitemap-item page_item page-item-484 page_item_has_children\"><a href=\"http:\/\/www.srpinteractive.com\/pt-br\/servicos\/\">SERVI\u00c7OS<\/a>\n<ul class='children'>\n\t<li class=\"sitemap-item page_item page-item-591\"><a href=\"http:\/\/www.srpinteractive.com\/pt-br\/servicos\/web-analytics-and-reports\/\">Anal\u00edtica Web y Reportes<\/a><\/li>\n\t<li class=\"sitemap-item page_item page-item-597\"><a href=\"http:\/\/www.srpinteractive.com\/pt-br\/servicos\/ipad-and-android-applications\/\">Aplica\u00e7\u00f5es iPad e Androide<\/a><\/li>\n\t<li class=\"sitemap-item page_item page-item-574\"><a href=\"http:\/\/www.srpinteractive.com\/pt-br\/servicos\/website-marketing-audit\/\">Auditoria de Marketing de Websites<\/a><\/li>\n\t<li class=\"sitemap-item page_item page-item-546 page_item_has_children\"><a href=\"http:\/\/www.srpinteractive.com\/pt-br\/servicos\/campanhas-seo-e-sem\/\">Campanhas SEO e SEM<\/a>\n\t<ul class='children'>\n\t\t<li class=\"sitemap-item page_item page-item-561\"><a href=\"http:\/\/www.srpinteractive.com\/pt-br\/servicos\/campanhas-seo-e-sem\/google-maps\/\">Google Maps<\/a><\/li>\n\t\t<li class=\"sitemap-item page_item page-item-555\"><a href=\"http:\/\/www.srpinteractive.com\/pt-br\/servicos\/campanhas-seo-e-sem\/local-search\/\">Local Search<\/a><\/li>\n\t<\/ul>\n<\/li>\n\t<li class=\"sitemap-item page_item page-item-451 page_item_has_children\"><a href=\"http:\/\/www.srpinteractive.com\/pt-br\/servicos\/website-design-and-development\/\">Design e Desenvolvimento de Web Sites<\/a>\n\t<ul class='children'>\n\t\t<li class=\"sitemap-item page_item page-item-665\"><a href=\"http:\/\/www.srpinteractive.com\/pt-br\/servicos\/website-design-and-development\/content-management-system\/\">Content Management System<\/a><\/li>\n\t\t<li class=\"sitemap-item page_item page-item-516\"><a href=\"http:\/\/www.srpinteractive.com\/pt-br\/servicos\/website-design-and-development\/domain-administration\/\">Domain Administration<\/a><\/li>\n\t\t<li class=\"sitemap-item page_item page-item-506\"><a href=\"http:\/\/www.srpinteractive.com\/pt-br\/servicos\/website-design-and-development\/content-development\/\">Gera\u00e7\u00e3o de Conte\u00fados<\/a><\/li>\n\t\t<li class=\"sitemap-item page_item page-item-523\"><a href=\"http:\/\/www.srpinteractive.com\/pt-br\/servicos\/website-design-and-development\/landing-page\/\">Landing Page<\/a><\/li>\n\t\t<li class=\"sitemap-item page_item page-item-457\"><a href=\"http:\/\/www.srpinteractive.com\/pt-br\/servicos\/website-design-and-development\/web-design\/\">Web Design<\/a><\/li>\n\t\t<li class=\"sitemap-item page_item page-item-625\"><a href=\"http:\/\/www.srpinteractive.com\/pt-br\/servicos\/website-design-and-development\/web-development\/\">Web Development<\/a><\/li>\n\t<\/ul>\n<\/li>\n\t<li class=\"sitemap-item page_item page-item-433 page_item_has_children\"><a href=\"http:\/\/www.srpinteractive.com\/pt-br\/servicos\/estrategia-digital\/\">Estrat\u00e9gia Digital<\/a>\n\t<ul class='children'>\n\t\t<li class=\"sitemap-item page_item page-item-439\"><a href=\"http:\/\/www.srpinteractive.com\/pt-br\/servicos\/estrategia-digital\/brand-management-online\/\">Brand Management Online<\/a><\/li>\n\t\t<li class=\"sitemap-item page_item page-item-446\"><a href=\"http:\/\/www.srpinteractive.com\/pt-br\/servicos\/estrategia-digital\/digital-campaign-planning\/\">Digital Campaign Planning<\/a><\/li>\n\t<\/ul>\n<\/li>\n\t<li class=\"sitemap-item page_item page-item-530 page_item_has_children\"><a href=\"http:\/\/www.srpinteractive.com\/pt-br\/servicos\/marketing-de-redes-sociais\/\">Marketing de Redes Sociais<\/a>\n\t<ul class='children'>\n\t\t<li class=\"sitemap-item page_item page-item-542\"><a href=\"http:\/\/www.srpinteractive.com\/pt-br\/servicos\/marketing-de-redes-sociais\/community-management\/\">Community Management<\/a><\/li>\n\t\t<li class=\"sitemap-item page_item page-item-536\"><a href=\"http:\/\/www.srpinteractive.com\/pt-br\/servicos\/marketing-de-redes-sociais\/online-reputation\/\">Reputa\u00e7\u00e3o Online<\/a><\/li>\n\t<\/ul>\n<\/li>\n\t<li class=\"sitemap-item page_item page-item-568\"><a href=\"http:\/\/www.srpinteractive.com\/pt-br\/servicos\/pay-per-click-campaign\/\">Pay Per Click Campaign<\/a><\/li>\n\t<li class=\"sitemap-item page_item page-item-581\"><a href=\"http:\/\/www.srpinteractive.com\/pt-br\/servicos\/videos-and-virtual-games\/\">V\u00eddeos e Jogos Virtuais<\/a><\/li>\n<\/ul>\n<\/li>\n<\/ul><\/div><\/div><br style=\"clear: both;\">\n<div class=\"fusion-clearfix\"><\/div><\/div><\/div><div class=\"fusion-clearfix\"><\/div><\/div><\/div>\n","protected":false},"excerpt":{"rendered":"","protected":false},"author":2,"featured_media":0,"parent":0,"menu_order":0,"comment_status":"closed","ping_status":"closed","template":"","meta":{"footnotes":""},"class_list":["post-605","page","type-page","status-publish","hentry"],"_links":{"self":[{"href":"http:\/\/www.srpinteractive.com\/pt-br\/wp-json\/wp\/v2\/pages\/605","targetHints":{"allow":["GET"]}}],"collection":[{"href":"http:\/\/www.srpinteractive.com\/pt-br\/wp-json\/wp\/v2\/pages"}],"about":[{"href":"http:\/\/www.srpinteractive.com\/pt-br\/wp-json\/wp\/v2\/types\/page"}],"author":[{"embeddable":true,"href":"http:\/\/www.srpinteractive.com\/pt-br\/wp-json\/wp\/v2\/users\/2"}],"replies":[{"embeddable":true,"href":"http:\/\/www.srpinteractive.com\/pt-br\/wp-json\/wp\/v2\/comments?post=605"}],"version-history":[{"count":2,"href":"http:\/\/www.srpinteractive.com\/pt-br\/wp-json\/wp\/v2\/pages\/605\/revisions"}],"predecessor-version":[{"id":610,"href":"http:\/\/www.srpinteractive.com\/pt-br\/wp-json\/wp\/v2\/pages\/605\/revisions\/610"}],"wp:attachment":[{"href":"http:\/\/www.srpinteractive.com\/pt-br\/wp-json\/wp\/v2\/media?parent=605"}],"curies":[{"name":"wp","href":"https:\/\/api.w.org\/{rel}","templated":true}]}}