{"id":597,"date":"2021-08-10T15:22:19","date_gmt":"2021-08-10T15:22:19","guid":{"rendered":"http:\/\/www.srpinteractive.com\/servicos\/ipad-and-android-applications\/"},"modified":"2021-08-10T15:22:19","modified_gmt":"2021-08-10T15:22:19","slug":"ipad-and-android-applications","status":"publish","type":"page","link":"http:\/\/www.srpinteractive.com\/pt-br\/servicos\/ipad-and-android-applications\/","title":{"rendered":"Aplica\u00e7\u00f5es iPad e Androide"},"content":{"rendered":"<div class=\"fusion-fullwidth fullwidth-box fusion-fullwidth-1  fusion-parallax-none nonhundred-percent-fullwidth\" style=\"border-color:#eae9e9;border-bottom-width: 0px;border-top-width: 0px;border-bottom-style: solid;border-top-style: solid;padding-bottom:0px;padding-top:0px;padding-left:;padding-right:;background-color:rgba(255,255,255,0);\"><style type=\"text\/css\" scoped=\"scoped\">.fusion-fullwidth-1 {\r\n                            padding-left: px !important;\r\n                            padding-right: px !important;\r\n                        }<\/style><div class=\"fusion-row\"><div class=\"fusion-one-fourth fusion-layout-column fusion-spacing-yes\" style=\"margin-top:0px;margin-bottom:20px;\"><div class=\"fusion-column-wrapper\"><div class=\"izquierda\">\n<p><a class=\"contacto\" href=\"http:\/\/www.srpinteractive.com\/pt-br\/contate-nos\/\">Contate-nos<\/a><\/p>\n<div class=\"quotas\"><\/div>\n<\/div>\n<div class=\"fusion-clearfix\"><\/div><\/div><\/div><div class=\"fusion-three-fourth fusion-layout-column fusion-column-last fusion-spacing-yes\" style=\"margin-top:0px;margin-bottom:20px;\"><div class=\"fusion-column-wrapper\"><div class=\"derecha\">\nServi\u00e7os > Aplica\u00e7\u00f5es iPad e Androide<\/p>\n<h1>Aplica\u00e7\u00f5es iPad e Androide<\/h1>\n<p><\/br><strong>iPad<\/strong><br \/>\nAs aplica\u00e7\u00f5es m\u00f3veis fornecem acesso \u00e0 informa\u00e7\u00e3o dos seus produtos e servi\u00e7os a qualquer hora e lugar, com os dados \u00fateis que os usu\u00e1rios precisam saber do seu neg\u00f3cio.<\/p>\n<p>Receba o assessoramento de especialistas no desenvolvimento de aplica\u00e7\u00f5es iPad e Androide. N\u00f3s lhe fornecemos as ferramentas para avaliar, planejar e implementar com sucesso aplica\u00e7\u00f5es complexas.<\/p>\n<p><strong>Androide<\/strong><br \/>\nO sistema operativo m\u00f3vel do Google lhe permite alcan\u00e7ar uma importante quantidade de usu\u00e1rios e oferecer-lhes os produtos e servi\u00e7os da sua empresa ou organiza\u00e7\u00e3o. N\u00f3s lhe oferecemos servi\u00e7os de consultoria especializados nesta classe de aplica\u00e7\u00f5es que cada dia se utilizam mais.<\/p>\n<\/div>\n<div class=\"fusion-clearfix\"><\/div><\/div><\/div><div class=\"fusion-clearfix\"><\/div><\/div><\/div>\n","protected":false},"excerpt":{"rendered":"","protected":false},"author":2,"featured_media":0,"parent":484,"menu_order":0,"comment_status":"closed","ping_status":"closed","template":"","meta":{"footnotes":""},"class_list":["post-597","page","type-page","status-publish","hentry"],"_links":{"self":[{"href":"http:\/\/www.srpinteractive.com\/pt-br\/wp-json\/wp\/v2\/pages\/597","targetHints":{"allow":["GET"]}}],"collection":[{"href":"http:\/\/www.srpinteractive.com\/pt-br\/wp-json\/wp\/v2\/pages"}],"about":[{"href":"http:\/\/www.srpinteractive.com\/pt-br\/wp-json\/wp\/v2\/types\/page"}],"author":[{"embeddable":true,"href":"http:\/\/www.srpinteractive.com\/pt-br\/wp-json\/wp\/v2\/users\/2"}],"replies":[{"embeddable":true,"href":"http:\/\/www.srpinteractive.com\/pt-br\/wp-json\/wp\/v2\/comments?post=597"}],"version-history":[{"count":3,"href":"http:\/\/www.srpinteractive.com\/pt-br\/wp-json\/wp\/v2\/pages\/597\/revisions"}],"predecessor-version":[{"id":604,"href":"http:\/\/www.srpinteractive.com\/pt-br\/wp-json\/wp\/v2\/pages\/597\/revisions\/604"}],"up":[{"embeddable":true,"href":"http:\/\/www.srpinteractive.com\/pt-br\/wp-json\/wp\/v2\/pages\/484"}],"wp:attachment":[{"href":"http:\/\/www.srpinteractive.com\/pt-br\/wp-json\/wp\/v2\/media?parent=597"}],"curies":[{"name":"wp","href":"https:\/\/api.w.org\/{rel}","templated":true}]}}