{"id":591,"date":"2021-08-10T15:22:19","date_gmt":"2021-08-10T15:22:19","guid":{"rendered":"http:\/\/www.srpinteractive.com\/servicos\/web-analytics-and-reports\/"},"modified":"2021-08-10T15:22:19","modified_gmt":"2021-08-10T15:22:19","slug":"web-analytics-and-reports","status":"publish","type":"page","link":"http:\/\/www.srpinteractive.com\/pt-br\/servicos\/web-analytics-and-reports\/","title":{"rendered":"Anal\u00edtica Web y Reportes"},"content":{"rendered":"<div class=\"fusion-fullwidth fullwidth-box fusion-fullwidth-1  fusion-parallax-none nonhundred-percent-fullwidth\" style=\"border-color:#eae9e9;border-bottom-width: 0px;border-top-width: 0px;border-bottom-style: solid;border-top-style: solid;padding-bottom:0px;padding-top:0px;padding-left:;padding-right:;background-color:rgba(255,255,255,0);\"><style type=\"text\/css\" scoped=\"scoped\">.fusion-fullwidth-1 {\r\n                            padding-left: px !important;\r\n                            padding-right: px !important;\r\n                        }<\/style><div class=\"fusion-row\"><div class=\"fusion-one-fourth fusion-layout-column fusion-spacing-yes\" style=\"margin-top:0px;margin-bottom:20px;\"><div class=\"fusion-column-wrapper\"><div class=\"izquierda\">\n<p><a class=\"contacto\" href=\"http:\/\/www.srpinteractive.com\/pt-br\/contate-nos\/\">Contate-nos<\/a><\/p>\n<div class=\"quotas\"><\/div>\n<\/div>\n<div class=\"fusion-clearfix\"><\/div><\/div><\/div><div class=\"fusion-three-fourth fusion-layout-column fusion-column-last fusion-spacing-yes\" style=\"margin-top:0px;margin-bottom:20px;\"><div class=\"fusion-column-wrapper\"><div class=\"derecha\">\nServi\u00e7os > Anal\u00edtica Web y Reportes<\/p>\n<h1>Anal\u00edtica Web y Reportes<\/h1>\n<p>Ter um seguimento do seu website torna-se essencial para dinamizar os resultados e atingir melhor ao seu p\u00fablico-alvo. Com a <strong>SRP Interactive<\/strong> o reporte da sua web se torna uma ferramenta de decis\u00e3o importante para seu neg\u00f3cio.<\/p>\n<p>Os relat\u00f3rios sobre o tr\u00e1fego, determinadas campanhas adwords, localiza\u00e7\u00e3o e motivos das visitas s\u00e3o importantes para o monitoramento de cada estrat\u00e9gia projetada. Revisamos estat\u00edsticas semanais, quinzenais ou mensais e sugerimos diversas orienta\u00e7\u00f5es em cada estrat\u00e9gia para que seu neg\u00f3cio possa conseguir o sucesso desejado.\n<\/p>\n<\/div>\n<div class=\"fusion-clearfix\"><\/div><\/div><\/div><div class=\"fusion-clearfix\"><\/div><\/div><\/div>\n","protected":false},"excerpt":{"rendered":"","protected":false},"author":2,"featured_media":0,"parent":484,"menu_order":0,"comment_status":"closed","ping_status":"closed","template":"","meta":{"footnotes":""},"class_list":["post-591","page","type-page","status-publish","hentry"],"_links":{"self":[{"href":"http:\/\/www.srpinteractive.com\/pt-br\/wp-json\/wp\/v2\/pages\/591","targetHints":{"allow":["GET"]}}],"collection":[{"href":"http:\/\/www.srpinteractive.com\/pt-br\/wp-json\/wp\/v2\/pages"}],"about":[{"href":"http:\/\/www.srpinteractive.com\/pt-br\/wp-json\/wp\/v2\/types\/page"}],"author":[{"embeddable":true,"href":"http:\/\/www.srpinteractive.com\/pt-br\/wp-json\/wp\/v2\/users\/2"}],"replies":[{"embeddable":true,"href":"http:\/\/www.srpinteractive.com\/pt-br\/wp-json\/wp\/v2\/comments?post=591"}],"version-history":[{"count":2,"href":"http:\/\/www.srpinteractive.com\/pt-br\/wp-json\/wp\/v2\/pages\/591\/revisions"}],"predecessor-version":[{"id":596,"href":"http:\/\/www.srpinteractive.com\/pt-br\/wp-json\/wp\/v2\/pages\/591\/revisions\/596"}],"up":[{"embeddable":true,"href":"http:\/\/www.srpinteractive.com\/pt-br\/wp-json\/wp\/v2\/pages\/484"}],"wp:attachment":[{"href":"http:\/\/www.srpinteractive.com\/pt-br\/wp-json\/wp\/v2\/media?parent=591"}],"curies":[{"name":"wp","href":"https:\/\/api.w.org\/{rel}","templated":true}]}}