{"id":581,"date":"2021-08-10T15:22:19","date_gmt":"2021-08-10T15:22:19","guid":{"rendered":"http:\/\/www.srpinteractive.com\/servicos\/videos-and-virtual-games\/"},"modified":"2021-08-10T15:22:19","modified_gmt":"2021-08-10T15:22:19","slug":"videos-and-virtual-games","status":"publish","type":"page","link":"http:\/\/www.srpinteractive.com\/pt-br\/servicos\/videos-and-virtual-games\/","title":{"rendered":"V\u00eddeos e Jogos Virtuais"},"content":{"rendered":"<div class=\"fusion-fullwidth fullwidth-box fusion-fullwidth-1  fusion-parallax-none nonhundred-percent-fullwidth\" style=\"border-color:#eae9e9;border-bottom-width: 0px;border-top-width: 0px;border-bottom-style: solid;border-top-style: solid;padding-bottom:0px;padding-top:0px;padding-left:;padding-right:;background-color:rgba(255,255,255,0);\"><style type=\"text\/css\" scoped=\"scoped\">.fusion-fullwidth-1 {\r\n                            padding-left: px !important;\r\n                            padding-right: px !important;\r\n                        }<\/style><div class=\"fusion-row\"><div class=\"fusion-one-fourth fusion-layout-column fusion-spacing-yes\" style=\"margin-top:0px;margin-bottom:20px;\"><div class=\"fusion-column-wrapper\"><div class=\"izquierda\">\n<p><a class=\"contacto\" href=\"http:\/\/www.srpinteractive.com\/pt-br\/contate-nos\/\">Contate-nos<\/a><\/p>\n<div class=\"quotas\"><\/div>\n<\/div>\n<div class=\"fusion-clearfix\"><\/div><\/div><\/div><div class=\"fusion-three-fourth fusion-layout-column fusion-column-last fusion-spacing-yes\" style=\"margin-top:0px;margin-bottom:20px;\"><div class=\"fusion-column-wrapper\"><div class=\"derecha\">\n<p>Servi\u00e7os &gt; V\u00eddeos e Jogos Virtuais<\/p>\n<h1>V\u00eddeos e Jogos Virtuais<\/h1>\n<p><\/br><strong>V\u00eddeos<\/strong><br \/>\nOs v\u00eddeos Web s\u00e3o uma ferramenta importante neste novo meio, j\u00e1 que permitem apresentar os produtos e servi\u00e7os de forma r\u00e1pida e atrativa, com um crescimento exponencial da sua presen\u00e7a na Internet.<\/p>\n<p><strong>Jogos<\/strong><br \/>\nA divers\u00e3o e o entretenimento ajudam a uma melhor predisposi\u00e7\u00e3o do p\u00fablico para reter e divulgar suas mensagens.<br \/>\nTem alguma coisa para dizer? Diga-a jogando! Sua audi\u00eancia o lembrar\u00e1 com alegria e seus resultados ser\u00e3o mais efetivos.<\/p>\n<p>Para potenciar o lan\u00e7amento de um produto, divulgar uma campanha de incentivo ou impor um novo conceito entre os colaboradores da sua companhia ou seus clientes, n\u00e3o duvide: os jogos digitais ser\u00e3o seu aliado para potenciar o sucesso.<\/p>\n<ul>\n<li>Puzzles<\/li>\n<li>Memotests<\/li>\n<li>Battle games<\/li>\n<li>Races<\/li>\n<\/ul>\n<p>E tudo aquilo que voc\u00ea possa imaginar!<\/p>\n<\/div>\n<div class=\"fusion-clearfix\"><\/div><\/div><\/div><div class=\"fusion-clearfix\"><\/div><\/div><\/div>\n","protected":false},"excerpt":{"rendered":"","protected":false},"author":2,"featured_media":0,"parent":484,"menu_order":0,"comment_status":"closed","ping_status":"closed","template":"","meta":{"footnotes":""},"class_list":["post-581","page","type-page","status-publish","hentry"],"_links":{"self":[{"href":"http:\/\/www.srpinteractive.com\/pt-br\/wp-json\/wp\/v2\/pages\/581","targetHints":{"allow":["GET"]}}],"collection":[{"href":"http:\/\/www.srpinteractive.com\/pt-br\/wp-json\/wp\/v2\/pages"}],"about":[{"href":"http:\/\/www.srpinteractive.com\/pt-br\/wp-json\/wp\/v2\/types\/page"}],"author":[{"embeddable":true,"href":"http:\/\/www.srpinteractive.com\/pt-br\/wp-json\/wp\/v2\/users\/2"}],"replies":[{"embeddable":true,"href":"http:\/\/www.srpinteractive.com\/pt-br\/wp-json\/wp\/v2\/comments?post=581"}],"version-history":[{"count":2,"href":"http:\/\/www.srpinteractive.com\/pt-br\/wp-json\/wp\/v2\/pages\/581\/revisions"}],"predecessor-version":[{"id":587,"href":"http:\/\/www.srpinteractive.com\/pt-br\/wp-json\/wp\/v2\/pages\/581\/revisions\/587"}],"up":[{"embeddable":true,"href":"http:\/\/www.srpinteractive.com\/pt-br\/wp-json\/wp\/v2\/pages\/484"}],"wp:attachment":[{"href":"http:\/\/www.srpinteractive.com\/pt-br\/wp-json\/wp\/v2\/media?parent=581"}],"curies":[{"name":"wp","href":"https:\/\/api.w.org\/{rel}","templated":true}]}}