{"id":574,"date":"2021-08-10T15:22:19","date_gmt":"2021-08-10T15:22:19","guid":{"rendered":"http:\/\/www.srpinteractive.com\/servicos\/website-marketing-audit\/"},"modified":"2021-08-10T15:22:19","modified_gmt":"2021-08-10T15:22:19","slug":"website-marketing-audit","status":"publish","type":"page","link":"http:\/\/www.srpinteractive.com\/pt-br\/servicos\/website-marketing-audit\/","title":{"rendered":"Auditoria de Marketing de Websites"},"content":{"rendered":"<div class=\"fusion-fullwidth fullwidth-box fusion-fullwidth-1  fusion-parallax-none nonhundred-percent-fullwidth\" style=\"border-color:#eae9e9;border-bottom-width: 0px;border-top-width: 0px;border-bottom-style: solid;border-top-style: solid;padding-bottom:0px;padding-top:0px;padding-left:;padding-right:;background-color:rgba(255,255,255,0);\"><style type=\"text\/css\" scoped=\"scoped\">.fusion-fullwidth-1 {\r\n                            padding-left: px !important;\r\n                            padding-right: px !important;\r\n                        }<\/style><div class=\"fusion-row\"><div class=\"fusion-one-fourth fusion-layout-column fusion-spacing-yes\" style=\"margin-top:0px;margin-bottom:20px;\"><div class=\"fusion-column-wrapper\"><div class=\"izquierda\">\n<p><a class=\"contacto\" href=\"http:\/\/www.srpinteractive.com\/pt-br\/contate-nos\/\">Contate-nos<\/a><\/p>\n<div class=\"quotas\"><\/div>\n<\/div>\n<div class=\"fusion-clearfix\"><\/div><\/div><\/div><div class=\"fusion-three-fourth fusion-layout-column fusion-column-last fusion-spacing-yes\" style=\"margin-top:0px;margin-bottom:20px;\"><div class=\"fusion-column-wrapper\"><div class=\"derecha\">\nServi\u00e7os > Auditoria de Marketing de Websites<\/p>\n<h1>Auditoria de Marketing de Websites<\/h1>\n<p>Que presen\u00e7a tem seu site web? A quantas pessoas chega e em que lugar? \u00c9 realmente atrativo aos meus clientes potenciais? Com uma profunda auditoria do seu site web voc\u00ea poder\u00e1 responder estas perguntas e conhecer os aspectos relevantes da presen\u00e7a do seu site na Internet, com a possibilidade que dita presen\u00e7a se espalhe pelo meio virtual que nos cerca.<\/p>\n<p>As auditorias envolvem pesquisas exaustivas de atuais \u00e1reas de interesse do site, an\u00e1lises hist\u00f3ricas, estrutura sint\u00e1tica, sem\u00e2ntica e visual para apresentar os resultados que a auditoria tentar\u00e1 alcan\u00e7ar.<\/p>\n<p>Isto nos leva a analisar diferentes elementos que ter\u00e3o que ser modificados ou aprofundados para que seu neg\u00f3cio possa se espalhar pela Internet, como SEO, Pay per Click, Marca, Cross Platform (visualiza\u00e7\u00e3o em qualquer suporte), experi\u00eancias dos usu\u00e1rios, pol\u00edticas de privacidade, copyright e muitos outros elementos.<\/p>\n<p>Ao finalizar a an\u00e1lise voc\u00ea receber\u00e1 um relat\u00f3rio\/diagn\u00f3stico com as estat\u00edsticas e, se surgirem, com as melhorias sugeridas.<\/p>\n<\/div>\n<div class=\"fusion-clearfix\"><\/div><\/div><\/div><div class=\"fusion-clearfix\"><\/div><\/div><\/div>\n","protected":false},"excerpt":{"rendered":"","protected":false},"author":2,"featured_media":0,"parent":484,"menu_order":0,"comment_status":"closed","ping_status":"closed","template":"","meta":{"footnotes":""},"class_list":["post-574","page","type-page","status-publish","hentry"],"_links":{"self":[{"href":"http:\/\/www.srpinteractive.com\/pt-br\/wp-json\/wp\/v2\/pages\/574","targetHints":{"allow":["GET"]}}],"collection":[{"href":"http:\/\/www.srpinteractive.com\/pt-br\/wp-json\/wp\/v2\/pages"}],"about":[{"href":"http:\/\/www.srpinteractive.com\/pt-br\/wp-json\/wp\/v2\/types\/page"}],"author":[{"embeddable":true,"href":"http:\/\/www.srpinteractive.com\/pt-br\/wp-json\/wp\/v2\/users\/2"}],"replies":[{"embeddable":true,"href":"http:\/\/www.srpinteractive.com\/pt-br\/wp-json\/wp\/v2\/comments?post=574"}],"version-history":[{"count":3,"href":"http:\/\/www.srpinteractive.com\/pt-br\/wp-json\/wp\/v2\/pages\/574\/revisions"}],"predecessor-version":[{"id":648,"href":"http:\/\/www.srpinteractive.com\/pt-br\/wp-json\/wp\/v2\/pages\/574\/revisions\/648"}],"up":[{"embeddable":true,"href":"http:\/\/www.srpinteractive.com\/pt-br\/wp-json\/wp\/v2\/pages\/484"}],"wp:attachment":[{"href":"http:\/\/www.srpinteractive.com\/pt-br\/wp-json\/wp\/v2\/media?parent=574"}],"curies":[{"name":"wp","href":"https:\/\/api.w.org\/{rel}","templated":true}]}}