{"id":546,"date":"2021-08-10T15:22:19","date_gmt":"2021-08-10T15:22:19","guid":{"rendered":"http:\/\/www.srpinteractive.com\/servicos\/seo-and-sem-campaigns\/"},"modified":"2021-08-10T15:22:19","modified_gmt":"2021-08-10T15:22:19","slug":"campanhas-seo-e-sem","status":"publish","type":"page","link":"http:\/\/www.srpinteractive.com\/pt-br\/servicos\/campanhas-seo-e-sem\/","title":{"rendered":"Campanhas SEO e SEM"},"content":{"rendered":"<div class=\"fusion-fullwidth fullwidth-box fusion-fullwidth-1  fusion-parallax-none nonhundred-percent-fullwidth fusion-equal-height-columns\" style=\"border-color:#eae9e9;border-bottom-width: 0px;border-top-width: 0px;border-bottom-style: solid;border-top-style: solid;padding-bottom:20px;padding-top:20px;padding-left:;padding-right:;background-color:rgba(255,255,255,0);\"><style type=\"text\/css\" scoped=\"scoped\">.fusion-fullwidth-1 {\r\n                            padding-left: px !important;\r\n                            padding-right: px !important;\r\n                        }<\/style><div class=\"fusion-row\"><div class=\"fusion-one-third fusion-layout-column fusion-spacing-yes\" style=\"margin-top:0px;margin-bottom:20px;\"><div class=\"fusion-column-wrapper\"><ul class=\"bac\">\n<li class=\"nol pp active\">Campanhas SEO e SEM<\/li>\n<li><a href=\"\/?page_id=46\">Local Search<\/a><\/li>\n<li><a href=\"\/?page_id=48\">Google Maps<\/a><\/li>\n<\/ul>\n<p><a class=\"contacto\" href=\"http:\/\/www.srpinteractive.com\/pt-br\/contate-nos\/\">Contate-nos<\/a><\/p>\n<div class=\"fusion-clearfix\"><\/div><\/div><\/div><div class=\"fusion-two-third fusion-layout-column fusion-column-last fusion-spacing-yes\" style=\"margin-top:0px;margin-bottom:20px;\"><div class=\"fusion-column-wrapper\"><div class=\"derecha\">\n<div class=\"pan\">Servi\u00e7os <span class=\"ruta\">&gt;<\/span> Campanhas SEO e SEM<\/div>\n<h1>Campanhas SEO e SEM<\/h1>\n<p>Quando as pessoas procurem seu neg\u00f3cio, as ajudaremos a encontr\u00e1-lo. Se n\u00e3o estiver no Google, sua p\u00e1gina n\u00e3o existe. \u00c9 por isso que todo neg\u00f3cio que queira cumprir seus objetivos deve ser assessorado no Search Engine Optimization (SEO) ou otimiza\u00e7\u00e3o para motores de busca. A estrat\u00e9gia adequada permitir\u00e1 que o ranking do seu neg\u00f3cio melhore e aumente o tr\u00e1fego de visitas na sua p\u00e1gina Web.<\/p>\n<p>O Search Engine Marketing (SEM) ou Marketing nos Buscadores \u00e9 uma forma de marketing na Internet. Nosso prop\u00f3sito \u00e9 promover seu site web, aumentando a visibilidade nas p\u00e1ginas de resultados de motores de busca, mediante a otimiza\u00e7\u00e3o de SEO, de pr\u00e1ticas pagas, de publicidade contextual e a inclus\u00e3o paga. O SEM engloba o SEO (somente posicionamento), e aborda todos os aspectos relacionados com a promo\u00e7\u00e3o e apari\u00e7\u00e3o nos buscadores.<\/p>\n<p>Para que o SEO e o SEM se complementem e consigam o sucesso para seu site web \u00e9 preciso desenvolver campanhas e estrat\u00e9gias de marketing na Internet. A <strong>SRP Interactive<\/strong> tem a experi\u00eancia e o know-how necess\u00e1rios que voc\u00ea e seu site web precisam.<\/p>\n<\/div>\n<div class=\"fusion-clearfix\"><\/div><\/div><\/div><div class=\"fusion-clearfix\"><\/div><\/div><\/div>\n","protected":false},"excerpt":{"rendered":"","protected":false},"author":2,"featured_media":0,"parent":484,"menu_order":0,"comment_status":"closed","ping_status":"closed","template":"","meta":{"footnotes":""},"class_list":["post-546","page","type-page","status-publish","hentry"],"_links":{"self":[{"href":"http:\/\/www.srpinteractive.com\/pt-br\/wp-json\/wp\/v2\/pages\/546","targetHints":{"allow":["GET"]}}],"collection":[{"href":"http:\/\/www.srpinteractive.com\/pt-br\/wp-json\/wp\/v2\/pages"}],"about":[{"href":"http:\/\/www.srpinteractive.com\/pt-br\/wp-json\/wp\/v2\/types\/page"}],"author":[{"embeddable":true,"href":"http:\/\/www.srpinteractive.com\/pt-br\/wp-json\/wp\/v2\/users\/2"}],"replies":[{"embeddable":true,"href":"http:\/\/www.srpinteractive.com\/pt-br\/wp-json\/wp\/v2\/comments?post=546"}],"version-history":[{"count":2,"href":"http:\/\/www.srpinteractive.com\/pt-br\/wp-json\/wp\/v2\/pages\/546\/revisions"}],"predecessor-version":[{"id":554,"href":"http:\/\/www.srpinteractive.com\/pt-br\/wp-json\/wp\/v2\/pages\/546\/revisions\/554"}],"up":[{"embeddable":true,"href":"http:\/\/www.srpinteractive.com\/pt-br\/wp-json\/wp\/v2\/pages\/484"}],"wp:attachment":[{"href":"http:\/\/www.srpinteractive.com\/pt-br\/wp-json\/wp\/v2\/media?parent=546"}],"curies":[{"name":"wp","href":"https:\/\/api.w.org\/{rel}","templated":true}]}}