{"id":516,"date":"2021-08-10T15:22:19","date_gmt":"2021-08-10T15:22:19","guid":{"rendered":"http:\/\/www.srpinteractive.com\/servicos\/website-design-and-development\/domain-administration\/"},"modified":"2021-08-10T15:22:19","modified_gmt":"2021-08-10T15:22:19","slug":"domain-administration","status":"publish","type":"page","link":"http:\/\/www.srpinteractive.com\/pt-br\/servicos\/website-design-and-development\/domain-administration\/","title":{"rendered":"Domain Administration"},"content":{"rendered":"<div class=\"fusion-fullwidth fullwidth-box fusion-fullwidth-1  fusion-parallax-none nonhundred-percent-fullwidth fusion-equal-height-columns\" style=\"border-color:#eae9e9;border-bottom-width: 0px;border-top-width: 0px;border-bottom-style: solid;border-top-style: solid;padding-bottom:20px;padding-top:20px;padding-left:;padding-right:;background-color:rgba(255,255,255,0);\"><style type=\"text\/css\" scoped=\"scoped\">.fusion-fullwidth-1 {\r\n                            padding-left: px !important;\r\n                            padding-right: px !important;\r\n                        }<\/style><div class=\"fusion-row\"><div class=\"fusion-one-third fusion-layout-column fusion-spacing-yes\" style=\"margin-top:0px;margin-bottom:20px;\"><div class=\"fusion-column-wrapper\"><div class=\"fusion-column-table\"><div class=\"fusion-column-tablecell\"><ul class=\"bac\">\n<li class=\"nol pp\"><a href=\"http:\/\/www.srpinteractive.com\/pt-br\/servicos\/website-design-and-development\/\">Design e Desenvolvimento de Web Sites<\/a><\/li>\n<li><a href=\"http:\/\/www.srpinteractive.com\/pt-br\/servicos\/website-design-and-development\/web-design\/\">Web Design<\/a><\/li>\n<li><a href=\"\/?page_id=27\">Web Development<\/a><\/li>\n<li><a href=\"\/?page_id=29\">Landing Page<\/a><\/li>\n<li><a href=\"\/?page_id=31\">Content Management System<\/a><\/li>\n<li class=\"active\">Domain Administration<\/li>\n<li><a href=\"http:\/\/www.srpinteractive.com\/pt-br\/servicos\/website-design-and-development\/content-development\/\">Gera\u00e7\u00e3o de Conte\u00fados<\/a><\/li>\n<\/ul>\n<p><a class=\"contacto\" href=\"http:\/\/www.srpinteractive.com\/pt-br\/contate-nos\/\">Contate-nos<\/a><\/p>\n<div class=\"fusion-clearfix\"><\/div><\/div><\/div><\/div><\/div><div class=\"fusion-two-third fusion-layout-column fusion-column-last fusion-spacing-yes\" style=\"margin-top:0px;margin-bottom:20px;\"><div class=\"fusion-column-wrapper\"><div class=\"derecha\">\n<div class=\"pan\">Servi\u00e7os <span class=\"ruta\">&gt;<\/span> <a href=\"http:\/\/www.srpinteractive.com\/pt-br\/servicos\/website-design-and-development\/\">Website Design and Development<\/a> &gt; Domain Administration<\/div>\n<h1>Domain Administration<\/h1>\n<p>Your company can lead thSua companhia pode delegar a administra\u00e7\u00e3o do seu dom\u00ednio \u00e0 SRP Interactive, assim voc\u00ea se foca no seu neg\u00f3cio, enquanto n\u00f3s administramos seu e-mail e site web.<\/p>\n<\/div>\n<div class=\"fusion-clearfix\"><\/div><\/div><\/div><div class=\"fusion-clearfix\"><\/div><\/div><\/div>\n","protected":false},"excerpt":{"rendered":"","protected":false},"author":2,"featured_media":0,"parent":451,"menu_order":0,"comment_status":"closed","ping_status":"closed","template":"","meta":{"footnotes":""},"class_list":["post-516","page","type-page","status-publish","hentry"],"_links":{"self":[{"href":"http:\/\/www.srpinteractive.com\/pt-br\/wp-json\/wp\/v2\/pages\/516","targetHints":{"allow":["GET"]}}],"collection":[{"href":"http:\/\/www.srpinteractive.com\/pt-br\/wp-json\/wp\/v2\/pages"}],"about":[{"href":"http:\/\/www.srpinteractive.com\/pt-br\/wp-json\/wp\/v2\/types\/page"}],"author":[{"embeddable":true,"href":"http:\/\/www.srpinteractive.com\/pt-br\/wp-json\/wp\/v2\/users\/2"}],"replies":[{"embeddable":true,"href":"http:\/\/www.srpinteractive.com\/pt-br\/wp-json\/wp\/v2\/comments?post=516"}],"version-history":[{"count":1,"href":"http:\/\/www.srpinteractive.com\/pt-br\/wp-json\/wp\/v2\/pages\/516\/revisions"}],"predecessor-version":[{"id":522,"href":"http:\/\/www.srpinteractive.com\/pt-br\/wp-json\/wp\/v2\/pages\/516\/revisions\/522"}],"up":[{"embeddable":true,"href":"http:\/\/www.srpinteractive.com\/pt-br\/wp-json\/wp\/v2\/pages\/451"}],"wp:attachment":[{"href":"http:\/\/www.srpinteractive.com\/pt-br\/wp-json\/wp\/v2\/media?parent=516"}],"curies":[{"name":"wp","href":"https:\/\/api.w.org\/{rel}","templated":true}]}}