{"id":486,"date":"2021-08-10T15:22:19","date_gmt":"2021-08-10T15:22:19","guid":{"rendered":"http:\/\/www.srpinteractive.com\/?page_id=486"},"modified":"2021-08-10T15:22:19","modified_gmt":"2021-08-10T15:22:19","slug":"home","status":"publish","type":"page","link":"http:\/\/www.srpinteractive.com\/pt-br\/","title":{"rendered":"HOME"},"content":{"rendered":"<div class=\"fusion-fullwidth fullwidth-box fusion-fullwidth-1  fusion-parallax-none nonhundred-percent-fullwidth\" style=\"border-color:#eae9e9;border-bottom-width: 0px;border-top-width: 0px;border-bottom-style: solid;border-top-style: solid;padding-bottom:0px;padding-top:0px;padding-left:;padding-right:;background-color:rgba(255,255,255,0);\"><style type=\"text\/css\" scoped=\"scoped\">.fusion-fullwidth-1 {\r\n                            padding-left: px !important;\r\n                            padding-right: px !important;\r\n                        }<\/style><div class=\"fusion-row\"><div class=\"fusion-one-third fusion-layout-column fusion-spacing-yes\" style=\"margin-top:0px;margin-bottom:20px;\"><div class=\"fusion-column-wrapper\"><div class=\"fusion-video fusion-youtube\" style=\"max-width:326px;max-height:228px;\"><div class=\"video-shortcode\"><iframe loading=\"lazy\" title=\"YouTube video player\" src=\"http:\/\/www.youtube.com\/embed\/s7galg2WkO0?wmode=transparent&autoplay=0\" width=\"326\" height=\"228\" allowfullscreen><\/iframe><\/div><\/div><div class=\"fusion-clearfix\"><\/div><\/div><\/div><div class=\"fusion-one-third fusion-layout-column fusion-spacing-yes\" style=\"margin-top:0px;margin-bottom:20px;\"><div class=\"fusion-column-wrapper\"><p><a class=\"homi st\" href=\"http:\/\/www.srpinteractive.com\/pt-br\/servicos\/digital-strategy\/\"><strong>Estrat\u00e9gia Digital<\/strong><span class=\"comentario\">N\u00f3 nos focamos no desenvolvimento de estrat\u00e9gias para conseguir facilmente seus objetivos. <\/span><span class=\"vm\">veja mais<\/span><\/a><\/p>\n<div class=\"fusion-clearfix\"><\/div><\/div><\/div><div class=\"fusion-one-third fusion-layout-column fusion-column-last fusion-spacing-yes\" style=\"margin-top:0px;margin-bottom:20px;\"><div class=\"fusion-column-wrapper\"><p><a class=\"homi two\" href=\"http:\/\/www.srpinteractive.com\/pt-br\/servicos\/website-design-and-development\/\"><strong>Design e Desenvolvimento de Web Sites<\/strong><span class=\"comentario\">Adapte seu site web \u00e0s necessidades dos seus clientes.<\/span><span class=\"vm\">veja mais<\/span><\/a><\/p>\n<div class=\"fusion-clearfix\"><\/div><\/div><\/div><div class=\"fusion-clearfix\"><\/div><div class=\"fusion-one-third fusion-layout-column fusion-spacing-yes\" style=\"margin-top:0px;margin-bottom:20px;\"><div class=\"fusion-column-wrapper\"><div class=\"fusion-clearfix\"><\/div><\/div><\/div><div class=\"fusion-one-third fusion-layout-column fusion-spacing-yes\" style=\"margin-top:0px;margin-bottom:20px;\"><div class=\"fusion-column-wrapper\"><p><a class=\"homi three\" href=\"http:\/\/www.srpinteractive.com\/pt-br\/servicos\/seo-and-sem-campaigns\/\"><strong>Campanhas SEO e SEM<\/strong><span class=\"comentario\">Ajudamos seus clientes potenciais a encontrar sua empresa na Internet.<\/span><span class=\"vm\">veja mais<\/span><\/a><\/p>\n<div class=\"fusion-clearfix\"><\/div><\/div><\/div><div class=\"fusion-one-third fusion-layout-column fusion-column-last fusion-spacing-yes\" style=\"margin-top:0px;margin-bottom:20px;\"><div class=\"fusion-column-wrapper\"><p><a class=\"homi four\" href=\"http:\/\/www.srpinteractive.com\/pt-br\/servicos\/ipad-and-android-applications\/\"><strong>Aplica\u00e7\u00f5es I-Pad e Androide<\/strong><span class=\"comentario\">Fa\u00e7a que suas ideias e seu neg\u00f3cio cres\u00e7am com uma aplica\u00e7\u00e3o m\u00f3vel. <\/span><span class=\"vm\">veja mais<\/span><\/a><\/p>\n<div class=\"fusion-clearfix\"><\/div><\/div><\/div><div class=\"fusion-clearfix\"><\/div><\/div><\/div><div class=\"fusion-fullwidth fullwidth-box fusion-fullwidth-2  fusion-parallax-none nonhundred-percent-fullwidth\" style=\"border-color:#eae9e9;border-bottom-width: 0px;border-top-width: 0px;border-bottom-style: solid;border-top-style: solid;padding-bottom:0px;padding-top:0px;padding-left:;padding-right:;background-color:rgba(255,255,255,0);\"><style type=\"text\/css\" scoped=\"scoped\">.fusion-fullwidth-2 {\r\n                            padding-left: px !important;\r\n                            padding-right: px !important;\r\n                        }<\/style><div class=\"fusion-row\"><div class=\"fusion-one-third fusion-layout-column fusion-spacing-yes\" style=\"margin-top:0px;margin-bottom:20px;\"><div class=\"fusion-column-wrapper\"><p><a class=\"homi five\" href=\"http:\/\/www.srpinteractive.com\/pt-br\/servicos\/social-network-marketing\/\"><strong>Marketing de Redes Sociais<\/strong><span class=\"comentario\">Posicione sua marca na Rede Social mais efetiva para sua organiza\u00e7\u00e3o. <\/span><span class=\"vm\">veja mais<\/span><\/a><\/p>\n<div class=\"fusion-clearfix\"><\/div><\/div><\/div><div class=\"fusion-one-third fusion-layout-column fusion-spacing-yes\" style=\"margin-top:0px;margin-bottom:20px;\"><div class=\"fusion-column-wrapper\"><p><a class=\"homi six\" href=\"http:\/\/www.srpinteractive.com\/pt-br\/servicos\/social-network-marketing\/\"><strong>Campanhas Pay Per Click<\/strong><span class=\"comentario\">Venda muito mais com uma estrat\u00e9gia de links patrocinados. <\/span><span class=\"vm\">veja mais<\/span><\/a><\/p>\n<div class=\"fusion-clearfix\"><\/div><\/div><\/div><div class=\"fusion-one-third fusion-layout-column fusion-column-last fusion-spacing-yes\" style=\"margin-top:0px;margin-bottom:20px;\"><div class=\"fusion-column-wrapper\"><p><a class=\"homi seven\" href=\"http:\/\/www.srpinteractive.com\/pt-br\/servicos\/website-marketing-audit\/\"><strong>Auditoria de MKT de Websites<\/strong><span class=\"comentario\">Ajudamos voc\u00ea a entender os aspectos importantes da presen\u00e7a do seu site web na Internet. <\/span><span class=\"vm\">veja mais<\/span><\/a><\/p>\n<div class=\"fusion-clearfix\"><\/div><\/div><\/div><div class=\"fusion-clearfix\"><\/div><div class=\"fusion-one-third fusion-layout-column fusion-spacing-yes\" style=\"margin-top:0px;margin-bottom:20px;\"><div class=\"fusion-column-wrapper\"><p><a class=\"homi eight\" href=\"http:\/\/www.srpinteractive.com\/pt-br\/servicos\/videos-and-virtual-games\/\"><strong>V\u00eddeos<\/strong><span class=\"comentario\">Atinja sua audi\u00eancia com uma poderosa mensagem. <\/span><span class=\"vm\">veja mais<\/span><\/a><\/p>\n<div class=\"fusion-clearfix\"><\/div><\/div><\/div><div class=\"fusion-one-third fusion-layout-column fusion-spacing-yes\" style=\"margin-top:0px;margin-bottom:20px;\"><div class=\"fusion-column-wrapper\"><p><a class=\"homi nine\" href=\"http:\/\/www.srpinteractive.com\/pt-br\/servicos\/videos-and-virtual-games\/\"><strong>Jogos Virtuais<\/strong><span class=\"comentario\">Espalhe sua mensagem com jogos divertidos. <\/span><span class=\"vm\">veja mais<\/span><\/a><\/p>\n<div class=\"fusion-clearfix\"><\/div><\/div><\/div><div class=\"fusion-one-third fusion-layout-column fusion-column-last fusion-spacing-yes\" style=\"margin-top:0px;margin-bottom:20px;\"><div class=\"fusion-column-wrapper\"><p><a class=\"homi ten\" href=\"http:\/\/www.srpinteractive.com\/pt-br\/servicos\/web-analytics-and-reports\/\"><strong>Web Analytics e Relat\u00f3rios<\/strong><span class=\"comentario\">As estad\u00edsticas webs s\u00e3o uma ferramenta essencial para as decis\u00f5es do seu neg\u00f3cio. <\/span><span class=\"vm\">veja mais<\/span><\/a><\/p>\n<div class=\"fusion-clearfix\"><\/div><\/div><\/div><div class=\"fusion-clearfix\"><\/div><\/div><\/div>\n","protected":false},"excerpt":{"rendered":"","protected":false},"author":2,"featured_media":0,"parent":0,"menu_order":0,"comment_status":"closed","ping_status":"closed","template":"","meta":{"footnotes":""},"class_list":["post-486","page","type-page","status-publish","hentry"],"_links":{"self":[{"href":"http:\/\/www.srpinteractive.com\/pt-br\/wp-json\/wp\/v2\/pages\/486","targetHints":{"allow":["GET"]}}],"collection":[{"href":"http:\/\/www.srpinteractive.com\/pt-br\/wp-json\/wp\/v2\/pages"}],"about":[{"href":"http:\/\/www.srpinteractive.com\/pt-br\/wp-json\/wp\/v2\/types\/page"}],"author":[{"embeddable":true,"href":"http:\/\/www.srpinteractive.com\/pt-br\/wp-json\/wp\/v2\/users\/2"}],"replies":[{"embeddable":true,"href":"http:\/\/www.srpinteractive.com\/pt-br\/wp-json\/wp\/v2\/comments?post=486"}],"version-history":[{"count":7,"href":"http:\/\/www.srpinteractive.com\/pt-br\/wp-json\/wp\/v2\/pages\/486\/revisions"}],"predecessor-version":[{"id":675,"href":"http:\/\/www.srpinteractive.com\/pt-br\/wp-json\/wp\/v2\/pages\/486\/revisions\/675"}],"wp:attachment":[{"href":"http:\/\/www.srpinteractive.com\/pt-br\/wp-json\/wp\/v2\/media?parent=486"}],"curies":[{"name":"wp","href":"https:\/\/api.w.org\/{rel}","templated":true}]}}