{"id":451,"date":"2021-08-10T15:22:19","date_gmt":"2021-08-10T15:22:19","guid":{"rendered":"http:\/\/www.srpinteractive.com\/website-design-and-development\/"},"modified":"2021-08-10T15:22:19","modified_gmt":"2021-08-10T15:22:19","slug":"website-design-and-development","status":"publish","type":"page","link":"http:\/\/www.srpinteractive.com\/pt-br\/servicos\/website-design-and-development\/","title":{"rendered":"Design e Desenvolvimento de Web Sites"},"content":{"rendered":"<div class=\"fusion-fullwidth fullwidth-box fusion-fullwidth-1  fusion-parallax-none nonhundred-percent-fullwidth fusion-equal-height-columns\" style=\"border-color:#eae9e9;border-bottom-width: 0px;border-top-width: 0px;border-bottom-style: solid;border-top-style: solid;padding-bottom:20px;padding-top:20px;padding-left:;padding-right:;background-color:rgba(255,255,255,0);\"><style type=\"text\/css\" scoped=\"scoped\">.fusion-fullwidth-1 {\r\n                            padding-left: px !important;\r\n                            padding-right: px !important;\r\n                        }<\/style><div class=\"fusion-row\"><div class=\"fusion-one-third fusion-layout-column fusion-spacing-yes\" style=\"margin-top:0px;margin-bottom:20px;\"><div class=\"fusion-column-wrapper\"><div class=\"fusion-column-table\"><div class=\"fusion-column-tablecell\"><ul class=\"bac\">\n<li class=\"nol pp active\">Design e Desenvolvimento de Web Sites<\/li>\n<li><a href=\"\/?page_id=24\">Web Design<\/a><\/li>\n<li><a href=\"\/?page_id=27\">Web Development<\/a><\/li>\n<li><a href=\"\/?page_id=29\">Landing Page<\/a><\/li>\n<li><a href=\"\/?page_id=31\">Content Management System<\/a><\/li>\n<li><a href=\"\/?page_id=33\">Domain Administration<\/a><\/li>\n<li><a href=\"\/?page_id=35\">Gera\u00e7\u00e3o de Conte\u00fados<\/a><\/li>\n<\/ul>\n<p><a class=\"contacto\" href=\"\/?page_id=12\">Contate-nos<\/a><\/p>\n<div class=\"fusion-clearfix\"><\/div><\/div><\/div><\/div><\/div><div class=\"fusion-two-third fusion-layout-column fusion-column-last fusion-spacing-yes\" style=\"margin-top:0px;margin-bottom:20px;\"><div class=\"fusion-column-wrapper\"><div class=\"fusion-column-table\"><div class=\"fusion-column-tablecell\"><div class=\"derecha\">\n<div class=\"pan\">Servi\u00e7os <span class=\"ruta\">&gt;<\/span> Design e Desenvolvimento de Web Sites<\/div>\n<h1>Design e Desenvolvimento de Web Sites<\/h1>\n<p>Os usu\u00e1rios que visitam seu site querem chegar \u00e0 informa\u00e7\u00e3o rapidamente. Seu site web deve ter um design e desenvolvimento com uma navega\u00e7\u00e3o \u00e1gil, eficiente e amig\u00e1vel.<\/p>\n<p>Adaptamos sua web \u00e0 tem\u00e1tica e \u00e0s necessidades dos seus clientes com um design 2.0 para sua web em constante intera\u00e7\u00e3o com as redes sociais.<\/p>\n<p>Desenvolvemos e criamos software online e gestores de conte\u00fados para que a intera\u00e7\u00e3o multimedial entre \u00e1udio, texto, imagem e v\u00eddeo seja \u00f3tima.<\/p>\n<p>A disposi\u00e7\u00e3o dos conte\u00fados, em forma inteligente e ordenada, \u00e9 fundamental para obter uma navegabilidade e interatividade eficiente na sua p\u00e1gina web.<\/p>\n<p>Na <strong>SRP Interactive<\/strong>, fazemos que a tecnologia funcione para voc\u00ea.<\/p>\n<\/div>\n<div class=\"fusion-clearfix\"><\/div><\/div><\/div><\/div><\/div><div class=\"fusion-clearfix\"><\/div><\/div><\/div>\n","protected":false},"excerpt":{"rendered":"","protected":false},"author":2,"featured_media":0,"parent":484,"menu_order":0,"comment_status":"closed","ping_status":"closed","template":"","meta":{"footnotes":""},"class_list":["post-451","page","type-page","status-publish","hentry"],"_links":{"self":[{"href":"http:\/\/www.srpinteractive.com\/pt-br\/wp-json\/wp\/v2\/pages\/451","targetHints":{"allow":["GET"]}}],"collection":[{"href":"http:\/\/www.srpinteractive.com\/pt-br\/wp-json\/wp\/v2\/pages"}],"about":[{"href":"http:\/\/www.srpinteractive.com\/pt-br\/wp-json\/wp\/v2\/types\/page"}],"author":[{"embeddable":true,"href":"http:\/\/www.srpinteractive.com\/pt-br\/wp-json\/wp\/v2\/users\/2"}],"replies":[{"embeddable":true,"href":"http:\/\/www.srpinteractive.com\/pt-br\/wp-json\/wp\/v2\/comments?post=451"}],"version-history":[{"count":2,"href":"http:\/\/www.srpinteractive.com\/pt-br\/wp-json\/wp\/v2\/pages\/451\/revisions"}],"predecessor-version":[{"id":456,"href":"http:\/\/www.srpinteractive.com\/pt-br\/wp-json\/wp\/v2\/pages\/451\/revisions\/456"}],"up":[{"embeddable":true,"href":"http:\/\/www.srpinteractive.com\/pt-br\/wp-json\/wp\/v2\/pages\/484"}],"wp:attachment":[{"href":"http:\/\/www.srpinteractive.com\/pt-br\/wp-json\/wp\/v2\/media?parent=451"}],"curies":[{"name":"wp","href":"https:\/\/api.w.org\/{rel}","templated":true}]}}