{"id":446,"date":"2021-08-10T15:22:19","date_gmt":"2021-08-10T15:22:19","guid":{"rendered":"http:\/\/www.srpinteractive.com\/digital-strategy\/digital-campaign-planning\/"},"modified":"2021-08-10T15:22:19","modified_gmt":"2021-08-10T15:22:19","slug":"digital-campaign-planning","status":"publish","type":"page","link":"http:\/\/www.srpinteractive.com\/pt-br\/servicos\/estrategia-digital\/digital-campaign-planning\/","title":{"rendered":"Digital Campaign Planning"},"content":{"rendered":"<div class=\"fusion-fullwidth fullwidth-box fusion-fullwidth-1  fusion-parallax-none nonhundred-percent-fullwidth fusion-equal-height-columns\" style=\"border-color:#eae9e9;border-bottom-width: 0px;border-top-width: 0px;border-bottom-style: solid;border-top-style: solid;padding-bottom:20px;padding-top:20px;padding-left:;padding-right:;background-color:rgba(255,255,255,0);\"><style type=\"text\/css\" scoped=\"scoped\">.fusion-fullwidth-1 {\r\n                            padding-left: px !important;\r\n                            padding-right: px !important;\r\n                        }<\/style><div class=\"fusion-row\"><div class=\"fusion-one-third fusion-layout-column fusion-spacing-yes\" style=\"margin-top:0px;margin-bottom:20px;\"><div class=\"fusion-column-wrapper\"><div class=\"fusion-column-table\"><div class=\"fusion-column-tablecell\"><ul class=\"bac\">\n<li class=\"nol pp\"><a href=\"http:\/\/www.srpinteractive.com\/pt-br\/digital-strategy\/\">Estrat\u00e9gia Digital<\/a><\/li>\n<li><a href=\"http:\/\/www.srpinteractive.com\/pt-br\/digital-strategy\/brand-management-online\/\">Brand Management Online<\/a><\/li>\n<li class=\"active\">Digital Campaign Planning<\/li>\n<\/ul>\n<p><a class=\"contacto\" href=\"\/?page_id=12\">Contate-nos<\/a><\/p>\n<div class=\"fusion-clearfix\"><\/div><\/div><\/div><\/div><\/div><div class=\"fusion-two-third fusion-layout-column fusion-column-last fusion-spacing-yes\" style=\"margin-top:0px;margin-bottom:20px;\"><div class=\"fusion-column-wrapper\"><div class=\"fusion-column-table\"><div class=\"fusion-column-tablecell\"><div class=\"derecha\">\n<div class=\"pan\">Servi\u00e7os <span class=\"ruta\">&gt;<\/span> <a href=\"http:\/\/www.srpinteractive.com\/pt-br\/digital-strategy\/\"> Estrat\u00e9gia Digital <\/a> &gt; Digital Campaign Planning<\/div>\n<h1>Digital Campaign Planning<\/h1>\n<p>Com estrat\u00e9gias personalizadas desenvolvemos e planejamos campanhas digitais espec\u00edficas para sua empresa, fornecendo estat\u00edsticas detalhadas geradas atrav\u00e9s das campanhas realizadas para que nossos clientes possam comprovar os cliques, as visitas e as impress\u00f5es de cada uma e se manterem informados para garantir seu investimento.<\/p>\n<p>Este seguimento \u00e9 essencial para adaptar-se rapidamente \u00e0s mudan\u00e7as e melhorar o posicionamento da sua marca na internet.<\/p>\n<p>A <strong>SRP Interactive<\/strong> retribui com sucesso a confian\u00e7a depositada em n\u00f3s.<\/p>\n<\/div>\n<div class=\"fusion-clearfix\"><\/div><\/div><\/div><\/div><\/div><div class=\"fusion-clearfix\"><\/div><\/div><\/div>\n","protected":false},"excerpt":{"rendered":"","protected":false},"author":2,"featured_media":0,"parent":433,"menu_order":0,"comment_status":"closed","ping_status":"closed","template":"","meta":{"footnotes":""},"class_list":["post-446","page","type-page","status-publish","hentry"],"_links":{"self":[{"href":"http:\/\/www.srpinteractive.com\/pt-br\/wp-json\/wp\/v2\/pages\/446","targetHints":{"allow":["GET"]}}],"collection":[{"href":"http:\/\/www.srpinteractive.com\/pt-br\/wp-json\/wp\/v2\/pages"}],"about":[{"href":"http:\/\/www.srpinteractive.com\/pt-br\/wp-json\/wp\/v2\/types\/page"}],"author":[{"embeddable":true,"href":"http:\/\/www.srpinteractive.com\/pt-br\/wp-json\/wp\/v2\/users\/2"}],"replies":[{"embeddable":true,"href":"http:\/\/www.srpinteractive.com\/pt-br\/wp-json\/wp\/v2\/comments?post=446"}],"version-history":[{"count":2,"href":"http:\/\/www.srpinteractive.com\/pt-br\/wp-json\/wp\/v2\/pages\/446\/revisions"}],"predecessor-version":[{"id":450,"href":"http:\/\/www.srpinteractive.com\/pt-br\/wp-json\/wp\/v2\/pages\/446\/revisions\/450"}],"up":[{"embeddable":true,"href":"http:\/\/www.srpinteractive.com\/pt-br\/wp-json\/wp\/v2\/pages\/433"}],"wp:attachment":[{"href":"http:\/\/www.srpinteractive.com\/pt-br\/wp-json\/wp\/v2\/media?parent=446"}],"curies":[{"name":"wp","href":"https:\/\/api.w.org\/{rel}","templated":true}]}}