{"id":439,"date":"2021-08-10T15:22:19","date_gmt":"2021-08-10T15:22:19","guid":{"rendered":"http:\/\/www.srpinteractive.com\/digital-strategy\/brand-management-online\/"},"modified":"2021-08-10T15:22:19","modified_gmt":"2021-08-10T15:22:19","slug":"brand-management-online","status":"publish","type":"page","link":"http:\/\/www.srpinteractive.com\/pt-br\/servicos\/estrategia-digital\/brand-management-online\/","title":{"rendered":"Brand Management Online"},"content":{"rendered":"<div class=\"fusion-fullwidth fullwidth-box fusion-fullwidth-1  fusion-parallax-none nonhundred-percent-fullwidth fusion-equal-height-columns\" style=\"border-color:#eae9e9;border-bottom-width: 0px;border-top-width: 0px;border-bottom-style: solid;border-top-style: solid;padding-bottom:20px;padding-top:20px;padding-left:;padding-right:;background-color:rgba(255,255,255,0);\"><style type=\"text\/css\" scoped=\"scoped\">.fusion-fullwidth-1 {\r\n                            padding-left: px !important;\r\n                            padding-right: px !important;\r\n                        }<\/style><div class=\"fusion-row\"><div class=\"fusion-one-third fusion-layout-column fusion-spacing-yes\" style=\"margin-top:0px;margin-bottom:20px;\"><div class=\"fusion-column-wrapper\"><div class=\"fusion-column-table\"><div class=\"fusion-column-tablecell\"><ul class=\"bac\">\n<li class=\"nol pp\"><a href=\"http:\/\/www.srpinteractive.com\/pt-br\/digital-strategy\/\">Estrat\u00e9gia Digital<\/a><\/li>\n<li class=\"active\">Brand Management Online<\/li>\n<li><a href=\"\/?page_id=20\">Digital Campaign Planning<\/a><\/li>\n<\/ul>\n<p><a class=\"contacto\" href=\"\/?page_id=12\">Contate-nos<\/a><\/p>\n<div class=\"fusion-clearfix\"><\/div><\/div><\/div><\/div><\/div><div class=\"fusion-two-third fusion-layout-column fusion-column-last fusion-spacing-yes\" style=\"margin-top:0px;margin-bottom:20px;\"><div class=\"fusion-column-wrapper\"><div class=\"fusion-column-table\"><div class=\"fusion-column-tablecell\"><div class=\"derecha\">\n<div class=\"pan\">Servi\u00e7os <span class=\"ruta\">&gt;<\/span> <a href=\"http:\/\/www.srpinteractive.com\/pt-br\/digital-strategy\/\">Estrat\u00e9gia Digital<\/a> &gt; Brand Management Online<\/div>\n<h1>Brand Management Online<\/h1>\n<p>N\u00e3o h\u00e1 d\u00favidas sobre a import\u00e2ncia de estar presente no mundo digital para que sua empresa tenha sucesso. Na <strong>SRP Interactive<\/strong>,  lhe fornecemos visibilidade para sua marca, seus produtos e servi\u00e7os.<\/p>\n<p>As comunidades digitais, especialmente as redes sociais, s\u00e3o um fator determinante para a reputa\u00e7\u00e3o da sua marca na Internet. Por isso, \u00e9 importante saber o que dizem e as repercuss\u00f5es que essas opini\u00f5es t\u00eam no mercado e na compet\u00eancia. Realizamos auditorias para verificar o posicionamento da sua marca e melhor\u00e1-lo.<\/p>\n<p>Com a <strong>SRP Interactive<\/strong> e as estrat\u00e9gias digitais fidelize seus clientes e usu\u00e1rios, gerando uma retroalimenta\u00e7\u00e3o entre o que o usu\u00e1rio precisa e o que sua empresa oferece.<\/p>\n<\/div>\n<div class=\"fusion-clearfix\"><\/div><\/div><\/div><\/div><\/div><div class=\"fusion-clearfix\"><\/div><\/div><\/div>\n","protected":false},"excerpt":{"rendered":"","protected":false},"author":2,"featured_media":0,"parent":433,"menu_order":0,"comment_status":"closed","ping_status":"closed","template":"","meta":{"footnotes":""},"class_list":["post-439","page","type-page","status-publish","hentry"],"_links":{"self":[{"href":"http:\/\/www.srpinteractive.com\/pt-br\/wp-json\/wp\/v2\/pages\/439","targetHints":{"allow":["GET"]}}],"collection":[{"href":"http:\/\/www.srpinteractive.com\/pt-br\/wp-json\/wp\/v2\/pages"}],"about":[{"href":"http:\/\/www.srpinteractive.com\/pt-br\/wp-json\/wp\/v2\/types\/page"}],"author":[{"embeddable":true,"href":"http:\/\/www.srpinteractive.com\/pt-br\/wp-json\/wp\/v2\/users\/2"}],"replies":[{"embeddable":true,"href":"http:\/\/www.srpinteractive.com\/pt-br\/wp-json\/wp\/v2\/comments?post=439"}],"version-history":[{"count":2,"href":"http:\/\/www.srpinteractive.com\/pt-br\/wp-json\/wp\/v2\/pages\/439\/revisions"}],"predecessor-version":[{"id":444,"href":"http:\/\/www.srpinteractive.com\/pt-br\/wp-json\/wp\/v2\/pages\/439\/revisions\/444"}],"up":[{"embeddable":true,"href":"http:\/\/www.srpinteractive.com\/pt-br\/wp-json\/wp\/v2\/pages\/433"}],"wp:attachment":[{"href":"http:\/\/www.srpinteractive.com\/pt-br\/wp-json\/wp\/v2\/media?parent=439"}],"curies":[{"name":"wp","href":"https:\/\/api.w.org\/{rel}","templated":true}]}}