{"id":431,"date":"2021-08-10T15:22:19","date_gmt":"2021-08-10T15:22:19","guid":{"rendered":"http:\/\/www.srpinteractive.com\/who-we-are\/"},"modified":"2021-08-10T15:22:19","modified_gmt":"2021-08-10T15:22:19","slug":"quem-somos","status":"publish","type":"page","link":"http:\/\/www.srpinteractive.com\/pt-br\/quem-somos\/","title":{"rendered":"QUEM SOMOS"},"content":{"rendered":"<div class=\"fusion-fullwidth fullwidth-box fusion-fullwidth-1  fusion-parallax-none nonhundred-percent-fullwidth\" style=\"border-color:#eae9e9;border-bottom-width: 0px;border-top-width: 0px;border-bottom-style: solid;border-top-style: solid;padding-bottom:0px;padding-top:0px;padding-left:;padding-right:;background-color:rgba(255,255,255,0);\"><style type=\"text\/css\" scoped=\"scoped\">.fusion-fullwidth-1 {\r\n                            padding-left: px !important;\r\n                            padding-right: px !important;\r\n                        }<\/style><div class=\"fusion-row\"><div class=\"fusion-one-fourth fusion-layout-column fusion-spacing-yes\" style=\"margin-top:0px;margin-bottom:20px;\"><div class=\"fusion-column-wrapper\"><div class=\"izquierda\">\n<p><a class=\"contacto\" href=\"\/?page_id=12\">Contate-nos<\/a><\/p>\n<div class=\"quotas\"><\/div>\n<\/div>\n<div class=\"fusion-clearfix\"><\/div><\/div><\/div><div class=\"fusion-three-fourth fusion-layout-column fusion-column-last fusion-spacing-yes\" style=\"margin-top:0px;margin-bottom:20px;\"><div class=\"fusion-column-wrapper\"><div class=\"derecha\">\n<h1>Quem somos<\/h1>\n<p>Na <strong>SRP Interactive<\/strong> o ajudamos a desenvolver e implementar estrat\u00e9gias de comunica\u00e7\u00e3o e neg\u00f3cios online para potenciar a rela\u00e7\u00e3o com seus clientes e a lealdade para com a sua marca.<\/p>\n<p>Trabalhando com a gente voc\u00ea encontrar\u00e1 um s\u00f3cio estrat\u00e9gico&#8230;<br \/>\n&#8211; que se atualiza dia ap\u00f3s dia com as novas tecnologias<br \/>\n&#8211; que lhe fornece solu\u00e7\u00f5es criativas e efetivas<br \/>\n&#8211; uma companhia que tem uma equipe de expertos que o ajudar\u00e1 a construir e melhorar sua rela\u00e7\u00e3o com seu p\u00fablico-alvo<br \/>\n&#8211; e a criar novas oportunidades de neg\u00f3cios<\/p>\n<p>\u2026 <strong>um s\u00f3cio estrat\u00e9gico que o ajudar\u00e1 a alcan\u00e7ar seus objetivos e obter resultados positivos<\/strong>.<\/p>\n<\/div>\n<div class=\"fusion-clearfix\"><\/div><\/div><\/div><div class=\"fusion-clearfix\"><\/div><\/div><\/div>\n","protected":false},"excerpt":{"rendered":"","protected":false},"author":2,"featured_media":0,"parent":0,"menu_order":0,"comment_status":"closed","ping_status":"closed","template":"","meta":{"footnotes":""},"class_list":["post-431","page","type-page","status-publish","hentry"],"_links":{"self":[{"href":"http:\/\/www.srpinteractive.com\/pt-br\/wp-json\/wp\/v2\/pages\/431","targetHints":{"allow":["GET"]}}],"collection":[{"href":"http:\/\/www.srpinteractive.com\/pt-br\/wp-json\/wp\/v2\/pages"}],"about":[{"href":"http:\/\/www.srpinteractive.com\/pt-br\/wp-json\/wp\/v2\/types\/page"}],"author":[{"embeddable":true,"href":"http:\/\/www.srpinteractive.com\/pt-br\/wp-json\/wp\/v2\/users\/2"}],"replies":[{"embeddable":true,"href":"http:\/\/www.srpinteractive.com\/pt-br\/wp-json\/wp\/v2\/comments?post=431"}],"version-history":[{"count":2,"href":"http:\/\/www.srpinteractive.com\/pt-br\/wp-json\/wp\/v2\/pages\/431\/revisions"}],"predecessor-version":[{"id":682,"href":"http:\/\/www.srpinteractive.com\/pt-br\/wp-json\/wp\/v2\/pages\/431\/revisions\/682"}],"wp:attachment":[{"href":"http:\/\/www.srpinteractive.com\/pt-br\/wp-json\/wp\/v2\/media?parent=431"}],"curies":[{"name":"wp","href":"https:\/\/api.w.org\/{rel}","templated":true}]}}