{"id":651,"date":"2021-08-10T15:22:19","date_gmt":"2021-08-10T15:22:19","guid":{"rendered":"http:\/\/www.srpinteractive.com\/?page_id=651"},"modified":"2021-08-10T15:22:19","modified_gmt":"2021-08-10T15:22:19","slug":"content-management-system","status":"publish","type":"page","link":"http:\/\/www.srpinteractive.com\/es\/servicios\/website-design-and-development\/content-management-system\/","title":{"rendered":"Content Management System"},"content":{"rendered":"<div class=\"fusion-fullwidth fullwidth-box fusion-fullwidth-1  fusion-parallax-none nonhundred-percent-fullwidth fusion-equal-height-columns\" style=\"border-color:#eae9e9;border-bottom-width: 0px;border-top-width: 0px;border-bottom-style: solid;border-top-style: solid;padding-bottom:20px;padding-top:20px;padding-left:;padding-right:;background-color:rgba(255,255,255,0);\"><style type=\"text\/css\" scoped=\"scoped\">.fusion-fullwidth-1 {\r\n                            padding-left: px !important;\r\n                            padding-right: px !important;\r\n                        }<\/style><div class=\"fusion-row\"><div class=\"fusion-one-third fusion-layout-column fusion-spacing-yes\" style=\"margin-top:0px;margin-bottom:20px;\"><div class=\"fusion-column-wrapper\"><div class=\"fusion-column-table\"><div class=\"fusion-column-tablecell\"><ul class=\"bac\">\n<li class=\"nol pp\"><a href=\"http:\/\/www.srpinteractive.com\/es\/servicios\/website-design-and-development\/\">Dise\u00f1o y Desarrollo de Websites<\/a><\/li>\n<li><a href=\"http:\/\/www.srpinteractive.com\/es\/servicios\/website-design-and-development\/web-design\/\">Dise\u00f1o Web<\/a><\/li>\n<li><a class=\"active\" href=\"\/?page_id=27\">Desarrollo Web<\/a><\/li>\n<li><a href=\"http:\/\/www.srpinteractive.com\/es\/servicios\/website-design-and-development\/landing-page\/\">Landing Page<\/a><\/li>\n<li>Content Management System<\/a><\/li>\n<li><a href=\"http:\/\/www.srpinteractive.com\/es\/servicios\/website-design-and-development\/domain-administration\/\">Administraci\u00f3n de Dominio<\/a><\/li>\n<li><a href=\"http:\/\/www.srpinteractive.com\/es\/servicios\/website-design-and-development\/content-development\/\">Desarrollo de Contenidos<\/a><\/li>\n<\/ul>\n<p><a class=\"contacto\" href=\"http:\/\/www.srpinteractive.com\/es\/contactenos\/\">Cont\u00e1ctenos<\/a><\/p>\n<div class=\"fusion-clearfix\"><\/div><\/div><\/div><\/div><\/div><div class=\"fusion-two-third fusion-layout-column fusion-column-last fusion-spacing-yes\" style=\"margin-top:0px;margin-bottom:20px;\"><div class=\"fusion-column-wrapper\"><div class=\"derecha\">\n<div class=\"pan\">Servicios <span class=\"ruta\">&gt;<\/span> Dise\u00f1o y Desarrollo de Web Sites &gt; Content Management System<\/div>\n<h1>Content Management System<\/h1>\n<p><strong>SRP Interactive<\/strong> cuenta con expertos en materia de construcci\u00f3n e implementaci\u00f3n de una amplia gama de Sistemas de Gesti\u00f3n de Contenidos para que usted pueda modificar en cualquier momento y lugar su p\u00e1gina web.<\/p>\n<p>Y si prefiere, nuestro equipo de gestores de contenidos lo ayudar\u00e1 a subir la informaci\u00f3n que requiera.<\/p>\n<p>Estos son algunas de las p\u00e1ginas web con Content Management System que desarrollamos:<\/p>\n<p><img loading=\"lazy\" decoding=\"async\" class=\"alignnone size-full wp-image-652\" src=\"http:\/\/www.srpinteractive.com\/wp-content\/uploads\/2018\/02\/1desingner.jpg\" alt=\"\" width=\"200\" height=\"154\" \/>\u00a0\u00a0<img loading=\"lazy\" decoding=\"async\" class=\"alignnone size-full wp-image-660\" src=\"http:\/\/www.srpinteractive.com\/wp-content\/uploads\/2018\/02\/9-vitdotox.jpg\" alt=\"\" width=\"200\" height=\"154\" \/>\u00a0\u00a0<img loading=\"lazy\" decoding=\"async\" class=\"alignnone size-medium wp-image-659\" src=\"http:\/\/www.srpinteractive.com\/wp-content\/uploads\/2018\/02\/8-cerveros.jpg\" alt=\"\" width=\"200\" height=\"154\" \/><\/p>\n<p><img loading=\"lazy\" decoding=\"async\" class=\"alignnone size-medium wp-image-658\" src=\"http:\/\/www.srpinteractive.com\/wp-content\/uploads\/2018\/02\/7-bceli.jpg\" alt=\"\" width=\"200\" height=\"154\" \/>\u00a0\u00a0<img loading=\"lazy\" decoding=\"async\" class=\"alignnone size-medium wp-image-657\" src=\"http:\/\/www.srpinteractive.com\/wp-content\/uploads\/2018\/02\/6-222.jpg\" alt=\"\" width=\"200\" height=\"154\" \/>\u00a0\u00a0<img loading=\"lazy\" decoding=\"async\" class=\"alignnone size-medium wp-image-656\" src=\"http:\/\/www.srpinteractive.com\/wp-content\/uploads\/2018\/02\/5-2g0.jpg\" alt=\"\" width=\"200\" height=\"154\" \/><\/p>\n<p><img loading=\"lazy\" decoding=\"async\" class=\"alignnone size-medium wp-image-655\" src=\"http:\/\/www.srpinteractive.com\/wp-content\/uploads\/2018\/02\/4paho.jpg\" alt=\"\" width=\"200\" height=\"154\" \/>\u00a0\u00a0<img loading=\"lazy\" decoding=\"async\" class=\"alignnone size-medium wp-image-654\" src=\"http:\/\/www.srpinteractive.com\/wp-content\/uploads\/2018\/02\/3jaremar.jpg\" alt=\"\" width=\"200\" height=\"154\" \/>\u00a0\u00a0<img loading=\"lazy\" decoding=\"async\" class=\"alignnone size-full wp-image-653\" src=\"http:\/\/www.srpinteractive.com\/wp-content\/uploads\/2018\/02\/2ivf.jpg\" alt=\"\" width=\"200\" height=\"154\" \/><\/p>\n<\/div>\n<div class=\"fusion-clearfix\"><\/div><\/div><\/div><div class=\"fusion-clearfix\"><\/div><\/div><\/div>\n","protected":false},"excerpt":{"rendered":"","protected":false},"author":2,"featured_media":0,"parent":452,"menu_order":0,"comment_status":"closed","ping_status":"closed","template":"","meta":{"footnotes":""},"class_list":["post-651","page","type-page","status-publish","hentry"],"_links":{"self":[{"href":"http:\/\/www.srpinteractive.com\/es\/wp-json\/wp\/v2\/pages\/651","targetHints":{"allow":["GET"]}}],"collection":[{"href":"http:\/\/www.srpinteractive.com\/es\/wp-json\/wp\/v2\/pages"}],"about":[{"href":"http:\/\/www.srpinteractive.com\/es\/wp-json\/wp\/v2\/types\/page"}],"author":[{"embeddable":true,"href":"http:\/\/www.srpinteractive.com\/es\/wp-json\/wp\/v2\/users\/2"}],"replies":[{"embeddable":true,"href":"http:\/\/www.srpinteractive.com\/es\/wp-json\/wp\/v2\/comments?post=651"}],"version-history":[{"count":2,"href":"http:\/\/www.srpinteractive.com\/es\/wp-json\/wp\/v2\/pages\/651\/revisions"}],"predecessor-version":[{"id":662,"href":"http:\/\/www.srpinteractive.com\/es\/wp-json\/wp\/v2\/pages\/651\/revisions\/662"}],"up":[{"embeddable":true,"href":"http:\/\/www.srpinteractive.com\/es\/wp-json\/wp\/v2\/pages\/452"}],"wp:attachment":[{"href":"http:\/\/www.srpinteractive.com\/es\/wp-json\/wp\/v2\/media?parent=651"}],"curies":[{"name":"wp","href":"https:\/\/api.w.org\/{rel}","templated":true}]}}