{"id":569,"date":"2021-08-10T15:22:19","date_gmt":"2021-08-10T15:22:19","guid":{"rendered":"http:\/\/www.srpinteractive.com\/servicios\/pay-per-click-campaign\/"},"modified":"2021-08-10T15:22:19","modified_gmt":"2021-08-10T15:22:19","slug":"pay-per-click-campaign","status":"publish","type":"page","link":"http:\/\/www.srpinteractive.com\/es\/servicios\/pay-per-click-campaign\/","title":{"rendered":"Campa\u00f1as Pay Per Click"},"content":{"rendered":"<div class=\"fusion-fullwidth fullwidth-box fusion-fullwidth-1  fusion-parallax-none nonhundred-percent-fullwidth\" style=\"border-color:#eae9e9;border-bottom-width: 0px;border-top-width: 0px;border-bottom-style: solid;border-top-style: solid;padding-bottom:0px;padding-top:0px;padding-left:;padding-right:;background-color:rgba(255,255,255,0);\"><style type=\"text\/css\" scoped=\"scoped\">.fusion-fullwidth-1 {\r\n                            padding-left: px !important;\r\n                            padding-right: px !important;\r\n                        }<\/style><div class=\"fusion-row\"><div class=\"fusion-one-fourth fusion-layout-column fusion-spacing-yes\" style=\"margin-top:0px;margin-bottom:20px;\"><div class=\"fusion-column-wrapper\"><div class=\"izquierda\">\n<p><a class=\"contacto\" href=\"http:\/\/www.srpinteractive.com\/es\/contactenos\/\">Cont\u00e1ctenos<\/a><\/p>\n<div class=\"quotas\"><\/div>\n<\/div>\n<div class=\"fusion-clearfix\"><\/div><\/div><\/div><div class=\"fusion-three-fourth fusion-layout-column fusion-column-last fusion-spacing-yes\" style=\"margin-top:0px;margin-bottom:20px;\"><div class=\"fusion-column-wrapper\"><div class=\"derecha\">\n<h1>Campa\u00f1as Pay Per Click<\/h1>\n<p>Venda m\u00e1s con una estrategia planificada de enlaces patrocinados en buscadores. Tenemos en cuenta sus necesidades espec\u00edficas y la inversi\u00f3n destinada para promover su negocio en los principales motores de b\u00fasqueda.<\/p>\n<p>El click en cada anuncio aumenta el tr\u00e1fico de visitas a su sitio Web llegando a m\u00e1s clientes potenciales. En forma r\u00e1pida y eficiente llegue a m\u00e1s consumidores controlando su inversi\u00f3n en todo momento.<\/p>\n<\/div>\n<div class=\"fusion-clearfix\"><\/div><\/div><\/div><div class=\"fusion-clearfix\"><\/div><\/div><\/div>\n","protected":false},"excerpt":{"rendered":"","protected":false},"author":2,"featured_media":0,"parent":481,"menu_order":0,"comment_status":"closed","ping_status":"closed","template":"","meta":{"footnotes":""},"class_list":["post-569","page","type-page","status-publish","hentry"],"_links":{"self":[{"href":"http:\/\/www.srpinteractive.com\/es\/wp-json\/wp\/v2\/pages\/569","targetHints":{"allow":["GET"]}}],"collection":[{"href":"http:\/\/www.srpinteractive.com\/es\/wp-json\/wp\/v2\/pages"}],"about":[{"href":"http:\/\/www.srpinteractive.com\/es\/wp-json\/wp\/v2\/types\/page"}],"author":[{"embeddable":true,"href":"http:\/\/www.srpinteractive.com\/es\/wp-json\/wp\/v2\/users\/2"}],"replies":[{"embeddable":true,"href":"http:\/\/www.srpinteractive.com\/es\/wp-json\/wp\/v2\/comments?post=569"}],"version-history":[{"count":2,"href":"http:\/\/www.srpinteractive.com\/es\/wp-json\/wp\/v2\/pages\/569\/revisions"}],"predecessor-version":[{"id":571,"href":"http:\/\/www.srpinteractive.com\/es\/wp-json\/wp\/v2\/pages\/569\/revisions\/571"}],"up":[{"embeddable":true,"href":"http:\/\/www.srpinteractive.com\/es\/wp-json\/wp\/v2\/pages\/481"}],"wp:attachment":[{"href":"http:\/\/www.srpinteractive.com\/es\/wp-json\/wp\/v2\/media?parent=569"}],"curies":[{"name":"wp","href":"https:\/\/api.w.org\/{rel}","templated":true}]}}