{"id":556,"date":"2021-08-10T15:22:19","date_gmt":"2021-08-10T15:22:19","guid":{"rendered":"http:\/\/www.srpinteractive.com\/servicios\/seo-and-sem-campaigns\/local-search\/"},"modified":"2021-08-10T15:22:19","modified_gmt":"2021-08-10T15:22:19","slug":"local-search","status":"publish","type":"page","link":"http:\/\/www.srpinteractive.com\/es\/servicios\/campanas-seo-y-sem\/local-search\/","title":{"rendered":"Local Search"},"content":{"rendered":"<div class=\"fusion-fullwidth fullwidth-box fusion-fullwidth-1  fusion-parallax-none nonhundred-percent-fullwidth fusion-equal-height-columns\" style=\"border-color:#eae9e9;border-bottom-width: 0px;border-top-width: 0px;border-bottom-style: solid;border-top-style: solid;padding-bottom:20px;padding-top:20px;padding-left:;padding-right:;background-color:rgba(255,255,255,0);\"><style type=\"text\/css\" scoped=\"scoped\">.fusion-fullwidth-1 {\r\n                            padding-left: px !important;\r\n                            padding-right: px !important;\r\n                        }<\/style><div class=\"fusion-row\"><div class=\"fusion-one-third fusion-layout-column fusion-spacing-yes\" style=\"margin-top:0px;margin-bottom:20px;\"><div class=\"fusion-column-wrapper\"><div class=\"fusion-column-table\"><div class=\"fusion-column-tablecell\"><ul class=\"bac\">\n<li class=\"nol pp\"><a href=\"http:\/\/www.srpinteractive.com\/es\/servicios\/seo-and-sem-campaigns\/\">Campa\u00f1as SEO y SEM<\/a><\/li>\n<li class=\"active\">Local Search<\/li>\n<li><a href=\"\/?page_id=48\">Google Maps<\/a><\/li>\n<\/ul>\n<p><a class=\"contacto\" href=\"http:\/\/www.srpinteractive.com\/es\/contactenos\/\">Cont\u00e1ctenos<\/a><\/p>\n<div class=\"fusion-clearfix\"><\/div><\/div><\/div><\/div><\/div><div class=\"fusion-two-third fusion-layout-column fusion-column-last fusion-spacing-yes\" style=\"margin-top:0px;margin-bottom:20px;\"><div class=\"fusion-column-wrapper\"><div class=\"derecha\">\n<div class=\"pan\">Servicios <span class=\"ruta\">&gt;<\/span> <a href=\"http:\/\/www.srpinteractive.com\/es\/servicios\/seo-and-sem-campaigns\/\">Campa\u00f1as SEO y SEM<\/a> &gt; Local Search<\/div>\n<h1>Local Search<\/h1>\n<p>Encuentre su sitio entre los primeros resultados de los principales buscadores.<\/p>\n<p>El posicionamiento, las campa\u00f1as de PPC y encontrarse en los Mapas de Google son acciones que pueden llevar a clientes y potenciales clientes directamente a su negocio. Las b\u00fasquedas locales se ir\u00e1n incrementando a partir de las acciones que <strong>SRP Interactive<\/strong> realice progresivamente.<\/p>\n<p>La idea es promover su negocio en los usuarios que lleven una b\u00fasqueda de empresas que est\u00e9n ubicadas dentro de su \u00e1rea geogr\u00e1fica.<\/p>\n<\/div>\n<div class=\"fusion-clearfix\"><\/div><\/div><\/div><div class=\"fusion-clearfix\"><\/div><\/div><\/div>\n","protected":false},"excerpt":{"rendered":"","protected":false},"author":2,"featured_media":0,"parent":547,"menu_order":0,"comment_status":"closed","ping_status":"closed","template":"","meta":{"footnotes":""},"class_list":["post-556","page","type-page","status-publish","hentry"],"_links":{"self":[{"href":"http:\/\/www.srpinteractive.com\/es\/wp-json\/wp\/v2\/pages\/556","targetHints":{"allow":["GET"]}}],"collection":[{"href":"http:\/\/www.srpinteractive.com\/es\/wp-json\/wp\/v2\/pages"}],"about":[{"href":"http:\/\/www.srpinteractive.com\/es\/wp-json\/wp\/v2\/types\/page"}],"author":[{"embeddable":true,"href":"http:\/\/www.srpinteractive.com\/es\/wp-json\/wp\/v2\/users\/2"}],"replies":[{"embeddable":true,"href":"http:\/\/www.srpinteractive.com\/es\/wp-json\/wp\/v2\/comments?post=556"}],"version-history":[{"count":2,"href":"http:\/\/www.srpinteractive.com\/es\/wp-json\/wp\/v2\/pages\/556\/revisions"}],"predecessor-version":[{"id":558,"href":"http:\/\/www.srpinteractive.com\/es\/wp-json\/wp\/v2\/pages\/556\/revisions\/558"}],"up":[{"embeddable":true,"href":"http:\/\/www.srpinteractive.com\/es\/wp-json\/wp\/v2\/pages\/547"}],"wp:attachment":[{"href":"http:\/\/www.srpinteractive.com\/es\/wp-json\/wp\/v2\/media?parent=556"}],"curies":[{"name":"wp","href":"https:\/\/api.w.org\/{rel}","templated":true}]}}