{"id":547,"date":"2021-08-10T15:22:19","date_gmt":"2021-08-10T15:22:19","guid":{"rendered":"http:\/\/www.srpinteractive.com\/servicios\/seo-and-sem-campaigns\/"},"modified":"2021-08-10T15:22:19","modified_gmt":"2021-08-10T15:22:19","slug":"campanas-seo-y-sem","status":"publish","type":"page","link":"http:\/\/www.srpinteractive.com\/es\/servicios\/campanas-seo-y-sem\/","title":{"rendered":"Campa\u00f1as SEO y SEM"},"content":{"rendered":"<div class=\"fusion-fullwidth fullwidth-box fusion-fullwidth-1  fusion-parallax-none nonhundred-percent-fullwidth fusion-equal-height-columns\" style=\"border-color:#eae9e9;border-bottom-width: 0px;border-top-width: 0px;border-bottom-style: solid;border-top-style: solid;padding-bottom:20px;padding-top:20px;padding-left:;padding-right:;background-color:rgba(255,255,255,0);\"><style type=\"text\/css\" scoped=\"scoped\">.fusion-fullwidth-1 {\r\n                            padding-left: px !important;\r\n                            padding-right: px !important;\r\n                        }<\/style><div class=\"fusion-row\"><div class=\"fusion-one-third fusion-layout-column fusion-spacing-yes\" style=\"margin-top:0px;margin-bottom:20px;\"><div class=\"fusion-column-wrapper\"><ul class=\"bac\">\n<li class=\"nol pp active\">Campa\u00f1as SEO y SEM<\/li>\n<li><a href=\"\/?page_id=46\">Local Search<\/a><\/li>\n<li><a href=\"\/?page_id=48\">Google Maps<\/a><\/li>\n<\/ul>\n<p><a class=\"contacto\" href=\"http:\/\/www.srpinteractive.com\/es\/contactenos\/\">Cont\u00e1ctenos<\/a><\/p>\n<div class=\"fusion-clearfix\"><\/div><\/div><\/div><div class=\"fusion-two-third fusion-layout-column fusion-column-last fusion-spacing-yes\" style=\"margin-top:0px;margin-bottom:20px;\"><div class=\"fusion-column-wrapper\"><div class=\"derecha\">\n<div class=\"pan\">Servicios <span class=\"ruta\">&gt;<\/span> Campa\u00f1as SEO y SEM<\/div>\n<h1>Campa\u00f1as SEO y SEM<\/h1>\n<p>Cuando las personas busquen su negocio, las ayudaremos a encontrarlo. Si no est\u00e1 en Google, su p\u00e1gina no existe. Es por eso que todo negocio que quiera cumplir sus objetivos debe ser asesorado en Search Engine Optimization (SEO) u optimizaci\u00f3n para motores de b\u00fasqueda. La estrategia adecuada permitir\u00e1 que el ranking de su negocio mejore y aumente el tr\u00e1fico de visitas en su p\u00e1gina Web.<\/p>\n<p>Search Engine Marketing (SEM) o Marketing en Buscadores es una forma de mercadeo en Internet. Nuestro prop\u00f3sito es promover su sitio web, aumentando la visibilidad en las p\u00e1ginas de resultados de motores de b\u00fasqueda mediante la optimizaci\u00f3n de SEO, de pr\u00e1cticas remuneradas, de publicidad contextual y la inclusi\u00f3n paga. SEM engloba al SEO (s\u00f3lo posicionamiento), y se ocupa de todo lo relacionado con la promoci\u00f3n y aparici\u00f3n en los buscadores.<\/p>\n<p>Para que el SEO y el SEM se complementen y consigan el \u00e9xito para su sitio web es necesario desarrollar campa\u00f1as y estrategias de marketing en Internet. <strong>SRP Interactive<\/strong> cuenta con la experiencia y el know-how necesarios que usted y su sitio web necesita.<\/p>\n<\/div>\n<div class=\"fusion-clearfix\"><\/div><\/div><\/div><div class=\"fusion-clearfix\"><\/div><\/div><\/div>\n","protected":false},"excerpt":{"rendered":"","protected":false},"author":2,"featured_media":0,"parent":481,"menu_order":0,"comment_status":"closed","ping_status":"closed","template":"","meta":{"footnotes":""},"class_list":["post-547","page","type-page","status-publish","hentry"],"_links":{"self":[{"href":"http:\/\/www.srpinteractive.com\/es\/wp-json\/wp\/v2\/pages\/547","targetHints":{"allow":["GET"]}}],"collection":[{"href":"http:\/\/www.srpinteractive.com\/es\/wp-json\/wp\/v2\/pages"}],"about":[{"href":"http:\/\/www.srpinteractive.com\/es\/wp-json\/wp\/v2\/types\/page"}],"author":[{"embeddable":true,"href":"http:\/\/www.srpinteractive.com\/es\/wp-json\/wp\/v2\/users\/2"}],"replies":[{"embeddable":true,"href":"http:\/\/www.srpinteractive.com\/es\/wp-json\/wp\/v2\/comments?post=547"}],"version-history":[{"count":4,"href":"http:\/\/www.srpinteractive.com\/es\/wp-json\/wp\/v2\/pages\/547\/revisions"}],"predecessor-version":[{"id":683,"href":"http:\/\/www.srpinteractive.com\/es\/wp-json\/wp\/v2\/pages\/547\/revisions\/683"}],"up":[{"embeddable":true,"href":"http:\/\/www.srpinteractive.com\/es\/wp-json\/wp\/v2\/pages\/481"}],"wp:attachment":[{"href":"http:\/\/www.srpinteractive.com\/es\/wp-json\/wp\/v2\/media?parent=547"}],"curies":[{"name":"wp","href":"https:\/\/api.w.org\/{rel}","templated":true}]}}