{"id":531,"date":"2021-08-10T15:22:19","date_gmt":"2021-08-10T15:22:19","guid":{"rendered":"http:\/\/www.srpinteractive.com\/servicios\/social-network-marketing\/"},"modified":"2021-08-10T15:22:19","modified_gmt":"2021-08-10T15:22:19","slug":"marketing-de-redes-sociales","status":"publish","type":"page","link":"http:\/\/www.srpinteractive.com\/es\/servicios\/marketing-de-redes-sociales\/","title":{"rendered":"Marketing de Redes Sociales"},"content":{"rendered":"<div class=\"fusion-fullwidth fullwidth-box fusion-fullwidth-1  fusion-parallax-none nonhundred-percent-fullwidth fusion-equal-height-columns\" style=\"border-color:#eae9e9;border-bottom-width: 0px;border-top-width: 0px;border-bottom-style: solid;border-top-style: solid;padding-bottom:20px;padding-top:20px;padding-left:;padding-right:;background-color:rgba(255,255,255,0);\"><style type=\"text\/css\" scoped=\"scoped\">.fusion-fullwidth-1 {\r\n                            padding-left: px !important;\r\n                            padding-right: px !important;\r\n                        }<\/style><div class=\"fusion-row\"><div class=\"fusion-one-third fusion-layout-column fusion-spacing-yes\" style=\"margin-top:0px;margin-bottom:20px;\"><div class=\"fusion-column-wrapper\"><div class=\"fusion-column-table\"><div class=\"fusion-column-tablecell\"><ul class=\"bac\">\n<li class=\"nol pp active\">Marketing de Redes Sociales<\/li>\n<li><a href=\"\/?page_id=39\">Reputaci\u00f3n Online<\/a><\/li>\n<li><a href=\"\/?page_id=41\">Community Management<\/a><\/li>\n<\/ul>\n<p><a class=\"contacto\" href=\"http:\/\/www.srpinteractive.com\/es\/contactenos\/\">Cont\u00e1ctenos<\/a><\/p>\n<div class=\"fusion-clearfix\"><\/div><\/div><\/div><\/div><\/div><div class=\"fusion-two-third fusion-layout-column fusion-column-last fusion-spacing-yes\" style=\"margin-top:0px;margin-bottom:20px;\"><div class=\"fusion-column-wrapper\"><div class=\"fusion-column-table\"><div class=\"fusion-column-tablecell\"><div class=\"derecha\">\n<div class=\"pan\">Servicios <span class=\"ruta\">&gt;<\/span> Marketing de Redes Sociales<\/div>\n<h1>Marketing de Redes Sociales<\/h1>\n<p>Las acciones de marketing en redes sociales han crecido exponencialmente en los \u00faltimos a\u00f1os. M\u00e1s del 82% de la poblaci\u00f3n mundial se encuentra en una red social. Es por eso que no podemos ignorar la potencialidad de las mismas para establecer un nombre, una marca o generar diversas acciones.<\/p>\n<p>Potenciamos su accionar en redes sociales como Facebook, Twitter, Linkedin, Youtube, Flickr, Comunidades online, blogs, etc. con campa\u00f1as de marketing, dise\u00f1os de im\u00e1genes, contenido interactivo, estrategias digitales y landing pages para que su negocio se expanda en estos medios y sus oportunidades crezcan.<\/p>\n<\/div>\n<div class=\"fusion-clearfix\"><\/div><\/div><\/div><\/div><\/div><div class=\"fusion-clearfix\"><\/div><\/div><\/div>\n","protected":false},"excerpt":{"rendered":"","protected":false},"author":2,"featured_media":0,"parent":481,"menu_order":0,"comment_status":"closed","ping_status":"closed","template":"","meta":{"footnotes":""},"class_list":["post-531","page","type-page","status-publish","hentry"],"_links":{"self":[{"href":"http:\/\/www.srpinteractive.com\/es\/wp-json\/wp\/v2\/pages\/531","targetHints":{"allow":["GET"]}}],"collection":[{"href":"http:\/\/www.srpinteractive.com\/es\/wp-json\/wp\/v2\/pages"}],"about":[{"href":"http:\/\/www.srpinteractive.com\/es\/wp-json\/wp\/v2\/types\/page"}],"author":[{"embeddable":true,"href":"http:\/\/www.srpinteractive.com\/es\/wp-json\/wp\/v2\/users\/2"}],"replies":[{"embeddable":true,"href":"http:\/\/www.srpinteractive.com\/es\/wp-json\/wp\/v2\/comments?post=531"}],"version-history":[{"count":2,"href":"http:\/\/www.srpinteractive.com\/es\/wp-json\/wp\/v2\/pages\/531\/revisions"}],"predecessor-version":[{"id":680,"href":"http:\/\/www.srpinteractive.com\/es\/wp-json\/wp\/v2\/pages\/531\/revisions\/680"}],"up":[{"embeddable":true,"href":"http:\/\/www.srpinteractive.com\/es\/wp-json\/wp\/v2\/pages\/481"}],"wp:attachment":[{"href":"http:\/\/www.srpinteractive.com\/es\/wp-json\/wp\/v2\/media?parent=531"}],"curies":[{"name":"wp","href":"https:\/\/api.w.org\/{rel}","templated":true}]}}