{"id":458,"date":"2021-08-10T15:22:19","date_gmt":"2021-08-10T15:22:19","guid":{"rendered":"http:\/\/www.srpinteractive.com\/website-design-and-development\/web-design\/"},"modified":"2021-08-10T15:22:19","modified_gmt":"2021-08-10T15:22:19","slug":"web-design","status":"publish","type":"page","link":"http:\/\/www.srpinteractive.com\/es\/servicios\/website-design-and-development\/web-design\/","title":{"rendered":"Dise\u00f1o Web"},"content":{"rendered":"<div class=\"fusion-fullwidth fullwidth-box fusion-fullwidth-1  fusion-parallax-none nonhundred-percent-fullwidth fusion-equal-height-columns\" style=\"border-color:#eae9e9;border-bottom-width: 0px;border-top-width: 0px;border-bottom-style: solid;border-top-style: solid;padding-bottom:20px;padding-top:20px;padding-left:;padding-right:;background-color:rgba(255,255,255,0);\"><style type=\"text\/css\" scoped=\"scoped\">.fusion-fullwidth-1 {\r\n                            padding-left: px !important;\r\n                            padding-right: px !important;\r\n                        }<\/style><div class=\"fusion-row\"><div class=\"fusion-one-third fusion-layout-column fusion-spacing-yes\" style=\"margin-top:0px;margin-bottom:20px;\"><div class=\"fusion-column-wrapper\"><div class=\"fusion-column-table\"><div class=\"fusion-column-tablecell\"><ul class=\"bac\">\n<li class=\"nol pp\">Dise\u00f1o y Desarrollo de Websites<\/li>\n<li><a class=\"active\" href=\"\/?page_id=24\">Dise\u00f1o Web<\/a><\/li>\n<li><a href=\"\/?page_id=27\">Desarrollo Web<\/a><\/li>\n<li><a href=\"\/?page_id=29\">Landing Page<\/a><\/li>\n<li><a href=\"\/?page_id=31\">Content Management System<\/a><\/li>\n<li><a href=\"\/?page_id=33\">Administraci\u00f3n de dominio<\/a><\/li>\n<li><a href=\"\/?page_id=35\">Generaci\u00f3n de contenido<\/a><\/li>\n<\/ul>\n<p><a class=\"contacto\" href=\"\/?page_id=12\">Cont\u00e1ctenos<\/a><\/p>\n<div class=\"fusion-clearfix\"><\/div><\/div><\/div><\/div><\/div><div class=\"fusion-two-third fusion-layout-column fusion-column-last fusion-spacing-yes\" style=\"margin-top:0px;margin-bottom:20px;\"><div class=\"fusion-column-wrapper\"><div class=\"derecha\">\n<div class=\"pan\">Servicios <span class=\"ruta\">&gt;<\/span> <a href=\"http:\/\/www.srpinteractive.com\/es\/website-design-and-development\/\">Dise\u00f1o y Desarrollo de Websites<\/a> &gt; Dise\u00f1o Web<\/div>\n<h1>Website Design<\/h1>\n<p>Cada proyecto de dise\u00f1o web comienza con una meticulosa investigaci\u00f3n desde la comprensi\u00f3n de los valores y la organizaci\u00f3n de su compa\u00f1\u00eda, hasta el mercado, sus competidores y su p\u00fablico objetivo.<\/p>\n<p>Por eso, con la experiencia de <strong>SRP Interactive<\/strong>encuentre el mejor camino para su web.<\/p>\n<\/div>\n<div class=\"fusion-clearfix\"><\/div><\/div><\/div><div class=\"fusion-clearfix\"><\/div><\/div><\/div>\n","protected":false},"excerpt":{"rendered":"","protected":false},"author":2,"featured_media":0,"parent":452,"menu_order":0,"comment_status":"closed","ping_status":"closed","template":"","meta":{"footnotes":""},"class_list":["post-458","page","type-page","status-publish","hentry"],"_links":{"self":[{"href":"http:\/\/www.srpinteractive.com\/es\/wp-json\/wp\/v2\/pages\/458","targetHints":{"allow":["GET"]}}],"collection":[{"href":"http:\/\/www.srpinteractive.com\/es\/wp-json\/wp\/v2\/pages"}],"about":[{"href":"http:\/\/www.srpinteractive.com\/es\/wp-json\/wp\/v2\/types\/page"}],"author":[{"embeddable":true,"href":"http:\/\/www.srpinteractive.com\/es\/wp-json\/wp\/v2\/users\/2"}],"replies":[{"embeddable":true,"href":"http:\/\/www.srpinteractive.com\/es\/wp-json\/wp\/v2\/comments?post=458"}],"version-history":[{"count":2,"href":"http:\/\/www.srpinteractive.com\/es\/wp-json\/wp\/v2\/pages\/458\/revisions"}],"predecessor-version":[{"id":460,"href":"http:\/\/www.srpinteractive.com\/es\/wp-json\/wp\/v2\/pages\/458\/revisions\/460"}],"up":[{"embeddable":true,"href":"http:\/\/www.srpinteractive.com\/es\/wp-json\/wp\/v2\/pages\/452"}],"wp:attachment":[{"href":"http:\/\/www.srpinteractive.com\/es\/wp-json\/wp\/v2\/media?parent=458"}],"curies":[{"name":"wp","href":"https:\/\/api.w.org\/{rel}","templated":true}]}}