{"id":452,"date":"2021-08-10T15:22:19","date_gmt":"2021-08-10T15:22:19","guid":{"rendered":"http:\/\/www.srpinteractive.com\/website-design-and-development\/"},"modified":"2021-08-10T15:22:19","modified_gmt":"2021-08-10T15:22:19","slug":"website-design-and-development","status":"publish","type":"page","link":"http:\/\/www.srpinteractive.com\/es\/servicios\/website-design-and-development\/","title":{"rendered":"Dise\u00f1o y Desarrollo de Websites"},"content":{"rendered":"<div class=\"fusion-fullwidth fullwidth-box fusion-fullwidth-1  fusion-parallax-none nonhundred-percent-fullwidth fusion-equal-height-columns\" style=\"border-color:#eae9e9;border-bottom-width: 0px;border-top-width: 0px;border-bottom-style: solid;border-top-style: solid;padding-bottom:20px;padding-top:20px;padding-left:;padding-right:;background-color:rgba(255,255,255,0);\"><style type=\"text\/css\" scoped=\"scoped\">.fusion-fullwidth-1 {\r\n                            padding-left: px !important;\r\n                            padding-right: px !important;\r\n                        }<\/style><div class=\"fusion-row\"><div class=\"fusion-one-third fusion-layout-column fusion-spacing-yes\" style=\"margin-top:0px;margin-bottom:20px;\"><div class=\"fusion-column-wrapper\"><div class=\"fusion-column-table\"><div class=\"fusion-column-tablecell\"><ul class=\"bac\">\n<li class=\"nol pp active\">Dise\u00f1o y Desarrollo de Websites<\/li>\n<li><a href=\"\/?page_id=24\">Dise\u00f1o Web<\/a><\/li>\n<li><a href=\"\/?page_id=27\">Desarrollo Web<\/a><\/li>\n<li><a href=\"\/?page_id=29\">Landing Page<\/a><\/li>\n<li><a href=\"\/?page_id=31\">Content Management System<\/a><\/li>\n<li><a href=\"\/?page_id=33\">Administraci\u00f3n de dominio<\/a><\/li>\n<li><a href=\"\/?page_id=35\">Generaci\u00f3n de Contenido<\/a><\/li>\n<\/ul>\n<p><a class=\"contacto\" href=\"\/?page_id=12\">Cont\u00e1ctenos<\/a><\/p>\n<div class=\"fusion-clearfix\"><\/div><\/div><\/div><\/div><\/div><div class=\"fusion-two-third fusion-layout-column fusion-column-last fusion-spacing-yes\" style=\"margin-top:0px;margin-bottom:20px;\"><div class=\"fusion-column-wrapper\"><div class=\"fusion-column-table\"><div class=\"fusion-column-tablecell\"><div class=\"derecha\">\n<div class=\"pan\">Servicios <span class=\"ruta\">&gt;<\/span> Dise\u00f1o y Desarrollo de Websites<\/div>\n<h1>Dise\u00f1o y Desarrollo de Websites<\/h1>\n<p>Los usuarios que visitan su sitio quieren llegar a la informaci\u00f3n r\u00e1pidamente. Su sitio web debe contar con un dise\u00f1o y desarrollo con una navegaci\u00f3n \u00e1gil, eficiente y amigable.<\/p>\n<p>Adaptamos su web a la tem\u00e1tica y a las necesidades de sus clientes con un dise\u00f1o 2.0 para su web en constante interacci\u00f3n con redes sociales.<\/p>\n<p>Desarrollamos y creamos software on line y gestores de contenidos para que la interacci\u00f3n multimedial entre audio, texto, imagen y video sea la \u00f3ptima.<\/p>\n<p>La disposici\u00f3n de los contenidos en forma inteligente y ordenada son fundamentales para obtener una navegabilidad e interactividad eficiente en su p\u00e1gina web.<\/p>\n<p>En <strong>SRP Interactive<\/strong>, hacemos que la tecnolog\u00eda funcione para usted.<\/p>\n<\/div>\n<div class=\"fusion-clearfix\"><\/div><\/div><\/div><\/div><\/div><div class=\"fusion-clearfix\"><\/div><\/div><\/div>\n","protected":false},"excerpt":{"rendered":"","protected":false},"author":2,"featured_media":0,"parent":481,"menu_order":0,"comment_status":"closed","ping_status":"closed","template":"","meta":{"footnotes":""},"class_list":["post-452","page","type-page","status-publish","hentry"],"_links":{"self":[{"href":"http:\/\/www.srpinteractive.com\/es\/wp-json\/wp\/v2\/pages\/452","targetHints":{"allow":["GET"]}}],"collection":[{"href":"http:\/\/www.srpinteractive.com\/es\/wp-json\/wp\/v2\/pages"}],"about":[{"href":"http:\/\/www.srpinteractive.com\/es\/wp-json\/wp\/v2\/types\/page"}],"author":[{"embeddable":true,"href":"http:\/\/www.srpinteractive.com\/es\/wp-json\/wp\/v2\/users\/2"}],"replies":[{"embeddable":true,"href":"http:\/\/www.srpinteractive.com\/es\/wp-json\/wp\/v2\/comments?post=452"}],"version-history":[{"count":3,"href":"http:\/\/www.srpinteractive.com\/es\/wp-json\/wp\/v2\/pages\/452\/revisions"}],"predecessor-version":[{"id":677,"href":"http:\/\/www.srpinteractive.com\/es\/wp-json\/wp\/v2\/pages\/452\/revisions\/677"}],"up":[{"embeddable":true,"href":"http:\/\/www.srpinteractive.com\/es\/wp-json\/wp\/v2\/pages\/481"}],"wp:attachment":[{"href":"http:\/\/www.srpinteractive.com\/es\/wp-json\/wp\/v2\/media?parent=452"}],"curies":[{"name":"wp","href":"https:\/\/api.w.org\/{rel}","templated":true}]}}